{"id":5093,"date":"2016-04-25T14:19:05","date_gmt":"2016-04-25T12:19:05","guid":{"rendered":"https:\/\/lotisse.com\/valoracion-de-inmuebles\/"},"modified":"2021-12-03T10:41:01","modified_gmt":"2021-12-03T09:41:01","slug":"estimation-des-biens-immeubles","status":"publish","type":"page","link":"https:\/\/lotisse.com\/fr\/estimation-des-biens-immeubles\/","title":{"rendered":"Estimation des biens immobiliers"},"content":{"rendered":"\n<style type=\"text\/css\" data-created_by=\"avia_inline_auto\" id=\"style-css-av-9d72s-56bdee30d0cf6d070baad5f291611314\">\n.avia-image-container.av-9d72s-56bdee30d0cf6d070baad5f291611314 img.avia_image{\nbox-shadow:none;\n}\n.avia-image-container.av-9d72s-56bdee30d0cf6d070baad5f291611314 .av-image-caption-overlay-center{\ncolor:#ffffff;\n}\n<\/style>\n<div  class='avia-image-container av-9d72s-56bdee30d0cf6d070baad5f291611314 av-styling- avia-align-center  avia-builder-el-0  el_before_av_hr  avia-builder-el-first '   itemprop=\"image\" itemscope=\"itemscope\" itemtype=\"https:\/\/schema.org\/ImageObject\" ><div class=\"avia-image-container-inner\"><div class=\"avia-image-overlay-wrap\"><img decoding=\"async\" fetchpriority=\"high\" class='wp-image-3084 avia-img-lazy-loading-not-3084 avia_image ' src=\"https:\/\/lotisse.com\/wp-content\/uploads\/2016\/04\/inmobiliaria_sevilla-1.jpg\" alt='' title='inmobiliaria sevilla'  height=\"240\" width=\"833\"  itemprop=\"thumbnailUrl\" srcset=\"https:\/\/lotisse.com\/wp-content\/uploads\/2016\/04\/inmobiliaria_sevilla-1.jpg 833w, https:\/\/lotisse.com\/wp-content\/uploads\/2016\/04\/inmobiliaria_sevilla-1-300x86.jpg 300w, https:\/\/lotisse.com\/wp-content\/uploads\/2016\/04\/inmobiliaria_sevilla-1-768x221.jpg 768w, https:\/\/lotisse.com\/wp-content\/uploads\/2016\/04\/inmobiliaria_sevilla-1-705x203.jpg 705w, https:\/\/lotisse.com\/wp-content\/uploads\/2016\/04\/inmobiliaria_sevilla-1-450x130.jpg 450w\" sizes=\"(max-width: 833px) 100vw, 833px\" \/><\/div><\/div><\/div>\n\n<style type=\"text\/css\" data-created_by=\"avia_inline_auto\" id=\"style-css-av-8uh8g-2fc1ac805c9479f059ccd35eb2deaa76\">\n#top .hr.av-8uh8g-2fc1ac805c9479f059ccd35eb2deaa76{\nmargin-top:15px;\nmargin-bottom:20px;\n}\n.hr.av-8uh8g-2fc1ac805c9479f059ccd35eb2deaa76 .hr-inner{\nborder-color:#e1e1e1;\n}\n<\/style>\n<div  class='hr av-8uh8g-2fc1ac805c9479f059ccd35eb2deaa76 hr-custom  avia-builder-el-1  el_after_av_image  el_before_av_one_full  hr-center hr-icon-no'><span class='hr-inner inner-border-av-border-thin'><span class=\"hr-inner-style\"><\/span><\/span><\/div>\n\n<style type=\"text\/css\" data-created_by=\"avia_inline_auto\" id=\"style-css-av-6ssgg-4ecc41b0b166d7cf25a87a9a7f35d6d1\">\n.flex_column.av-6ssgg-4ecc41b0b166d7cf25a87a9a7f35d6d1{\nborder-radius:0px 0px 0px 0px;\npadding:0px 0px 0px 0px;\n}\n<\/style>\n<div  class='flex_column av-6ssgg-4ecc41b0b166d7cf25a87a9a7f35d6d1 av_one_full  avia-builder-el-2  el_after_av_hr  el_before_av_hr  first flex_column_div av-zero-column-padding  '     ><section  class='av_textblock_section av-6g7og-09d780a7666f6f76a039988fd12e462d '   itemscope=\"itemscope\" itemtype=\"https:\/\/schema.org\/CreativeWork\" ><div class='avia_textblock'  itemprop=\"text\" ><h3>ESTIMATION DE BIENS IMMEUBLES \u00c0 DES FINS FISCALES OU AUTRES, NON HYPOTH\u00c9CAIRES.<\/h3>\n<\/div><\/section><br \/>\n\n<style type=\"text\/css\" data-created_by=\"avia_inline_auto\" id=\"style-css-av-5uumc-f266973c81b1de9cf16a68f463833198\">\n#top .hr.av-5uumc-f266973c81b1de9cf16a68f463833198{\nmargin-top:10px;\nmargin-bottom:10px;\n}\n.hr.av-5uumc-f266973c81b1de9cf16a68f463833198 .hr-inner{\nwidth:60px;\nborder-color:#03498f;\n}\n<\/style>\n<div  class='hr av-5uumc-f266973c81b1de9cf16a68f463833198 hr-custom  avia-builder-el-4  el_after_av_textblock  el_before_av_textblock  hr-left hr-icon-no'><span class='hr-inner inner-border-av-border-fat'><span class=\"hr-inner-style\"><\/span><\/span><\/div><br \/>\n<section  class='av_textblock_section av-5cp5c-878441b6d560df09161505ad40322f6c '   itemscope=\"itemscope\" itemtype=\"https:\/\/schema.org\/CreativeWork\" ><div class='avia_textblock'  itemprop=\"text\" ><p><img decoding=\"async\" class=\"alignright\" src=\"https:\/\/lotisse.com\/wp-content\/uploads\/2016\/04\/inmobiliaria-principal.jpg\" alt=\"Asesoramiento profesional\" \/><\/p>\n<p>Par le biais de notre agence immobili\u00e8re (<strong>A.P.I. 1507 Ministerio de Fomento<\/strong>) et de notre \u00e9quipe d&rsquo;architecture technique, nous offrons \u00e0 nos clients notre nouveau <strong>service d&rsquo;\u00e9valuation des propri\u00e9t\u00e9s \u00e0 des fins fiscales ou autres fins non hypoth\u00e9caires<\/strong>.<\/p>\n<p>Suite \u00e0 l&rsquo;approbation de l&rsquo;arr\u00eat\u00e9 HFP\/1104\/2021, du 7 octobre, qui approuve le <strong>facteur de r\u00e9duction<\/strong> applicable pour la d\u00e9termination des valeurs de r\u00e9f\u00e9rence des propri\u00e9t\u00e9s, celui-ci <strong>est pass\u00e9 de 0,5 \u00e0 0,9 de la valeur du march\u00e9<\/strong>. Vous pouvez trouver plus d&rsquo;informations dans notre <a href=\"https:\/\/lotisse.com\/fr\/consecuencias-del-ultimo-catastrazo\/\"><strong>blog<\/strong><\/a>.<\/p>\n<p>Cette mesure a une cons\u00e9quence directe sur les bases imposables attribu\u00e9es par l&rsquo;administration dans le cadre de l&rsquo;imposition des <strong>Transmissions, H\u00e9ritages, Dons et Patrimoines<\/strong>. Ces bases, et donc l&rsquo;imp\u00f4t \u00e0 payer, risquent d&rsquo;augmenter sensiblement \u00e0 partir de maintenant.<\/p>\n<p>Selon l&#8217;emplacement du bien, dans de nombreux cas, la valeur marchande attribu\u00e9e par l&rsquo;administration est sup\u00e9rieure \u00e0 la valeur marchande r\u00e9elle, et <strong>le contribuable devra le prouver<\/strong> <strong>par une \u00e9valuation ou une estimation contradictoire<\/strong>. Si vous souhaitez faire \u00e9tablir par un agent immobilier qualifi\u00e9 ou un technicien comp\u00e9tent une \u00e9valuation (<strong>logements, places de stationnement et locaux de stockage*<\/strong>) qui puisse \u00eatre oppos\u00e9e \u00e0 celle d\u00e9livr\u00e9e par l&rsquo;administration, c&rsquo;est tr\u00e8s simple :<\/p>\n<ul>\n<li><strong>Remplissez le formulaire<\/strong> avec toutes les donn\u00e9es demand\u00e9es et t\u00e9l\u00e9chargez des photos actuelles de la propri\u00e9t\u00e9, du garage ou du d\u00e9barras.<\/li>\n<li><strong>Effectuez le paiement s\u00e9curis\u00e9<\/strong> (prix unique de <strong>199,99.- Euro, TVA incluse<\/strong>)<\/li>\n<li>Une fois le formulaire re\u00e7u et le paiement effectu\u00e9, nous aurons acc\u00e8s aux informations cadastrales et d&rsquo;enregistrement publiques, ainsi qu&rsquo;aux donn\u00e9es du march\u00e9 r\u00e9el de la zone o\u00f9 se trouve le bien.<\/li>\n<li>Vous recevrez l&rsquo;\u00e9valuation sign\u00e9e et sa certification <strong>dans les cinq jours ouvrables<\/strong>.<\/li>\n<\/ul>\n<p>Si nous avons besoin d&rsquo;informations suppl\u00e9mentaires pendant le processus de r\u00e9alisation, nous vous contacterons.<\/p>\n<p>* Pour l&rsquo;\u00e9valuation de <strong>locaux, bureaux, entrep\u00f4ts ou b\u00e2timents uniques<\/strong>, veuillez nous contacter \u00e0 l&rsquo;adresse <a href=\"mailto:valoraciones@lotisse.com\">valoraciones@lotisse.com<\/a>. Nous n&rsquo;effectuons pas d&rsquo;\u00e9valuations de propri\u00e9t\u00e9s rustiques.<\/p>\n<\/div><\/section><\/p><\/div>\n\n<style type=\"text\/css\" data-created_by=\"avia_inline_auto\" id=\"style-css-av-4q84c-aa24ae03736a5ab00369ab474943e508\">\n#top .hr.av-4q84c-aa24ae03736a5ab00369ab474943e508{\nmargin-top:15px;\nmargin-bottom:20px;\n}\n.hr.av-4q84c-aa24ae03736a5ab00369ab474943e508 .hr-inner{\nborder-color:#e1e1e1;\n}\n<\/style>\n<div  class='hr av-4q84c-aa24ae03736a5ab00369ab474943e508 hr-custom  avia-builder-el-6  el_after_av_one_full  el_before_av_section  avia-builder-el-last  hr-center hr-icon-no'><span class='hr-inner inner-border-av-border-thin'><span class=\"hr-inner-style\"><\/span><\/span><\/div>\n<\/div><\/div><\/div><!-- close content main div --><\/div><\/div>\n<style type=\"text\/css\" data-created_by=\"avia_inline_auto\" id=\"style-css-av-26zbk-7b4946aa426da52d7166b1bccbc13703\">\n.avia-section.av-26zbk-7b4946aa426da52d7166b1bccbc13703{\nbackground-repeat:no-repeat;\nbackground-image:url(https:\/\/lotisse.com\/wp-content\/uploads\/2020\/05\/fondo222222-300x121.jpg);\nbackground-position:50% 50%;\nbackground-attachment:scroll;\n}\n<\/style>\n<div id='av_section_1'  class='avia-section av-26zbk-7b4946aa426da52d7166b1bccbc13703 main_color avia-section-default avia-no-border-styling  avia-builder-el-7  el_after_av_hr  el_before_av_hr  avia-full-stretch avia-bg-style-scroll container_wrap fullsize'  data-section-bg-repeat='stretch'><div class='container av-section-cont-open' ><div class='template-page content  av-content-full alpha units'><div class='post-entry post-entry-type-page post-entry-5093'><div class='entry-content-wrapper clearfix'>\n\n<style type=\"text\/css\" data-created_by=\"avia_inline_auto\" id=\"style-css-av-1mc18-f80246a31a5d5b429dd4f1c84fbe7bdb\">\n.flex_column.av-1mc18-f80246a31a5d5b429dd4f1c84fbe7bdb{\nborder-radius:0px 0px 0px 0px;\npadding:0px 0px 0px 0px;\n}\n<\/style>\n<div  class='flex_column av-1mc18-f80246a31a5d5b429dd4f1c84fbe7bdb av_one_half  avia-builder-el-8  el_before_av_one_half  avia-builder-el-first  first flex_column_div av-zero-column-padding  '     ><section  class='av_textblock_section av-kusamb8d-f899faf16509f5b0c5febcb1568d90d2 '   itemscope=\"itemscope\" itemtype=\"https:\/\/schema.org\/CreativeWork\" ><div class='avia_textblock'  itemprop=\"text\" ><h2><span style=\"color: #ffffff;\">OBTENEZ VOTRE ESTIMATION ICI<\/span><\/h2>\n<\/div><\/section><\/div>\n<style type=\"text\/css\" data-created_by=\"avia_inline_auto\" id=\"style-css-av-t89s-a763b29ebf7ec34aa474225891513f9a\">\n.flex_column.av-t89s-a763b29ebf7ec34aa474225891513f9a{\nborder-radius:0px 0px 0px 0px;\npadding:0px 0px 0px 0px;\n}\n<\/style>\n<div  class='flex_column av-t89s-a763b29ebf7ec34aa474225891513f9a av_one_half  avia-builder-el-10  el_after_av_one_half  avia-builder-el-last  flex_column_div av-zero-column-padding  '     ><div  class='avia-button-wrap av-kusaox01-906f387d12c4354ee3c11c6e3b8e13c0-wrap avia-button-right  avia-builder-el-11  avia-builder-el-no-sibling '>\n<style type=\"text\/css\" data-created_by=\"avia_inline_auto\" id=\"style-css-av-kusaox01-906f387d12c4354ee3c11c6e3b8e13c0\">\n#top #wrap_all .avia-button.av-kusaox01-906f387d12c4354ee3c11c6e3b8e13c0{\nbackground-color:#ffffff;\nborder-color:#ffffff;\ncolor:#00386f;\ntransition:all 0.4s ease-in-out;\n}\n#top #wrap_all .avia-button.av-kusaox01-906f387d12c4354ee3c11c6e3b8e13c0 .avia-svg-icon svg:first-child{\nfill:#00386f;\nstroke:#00386f;\n}\n<\/style>\n<a href='https:\/\/lotisse.com\/valoraciones\/'  class='avia-button av-kusaox01-906f387d12c4354ee3c11c6e3b8e13c0 av-link-btn avia-icon_select-yes-left-icon avia-size-x-large avia-position-right'  target=\"_blank\"  rel=\"noopener noreferrer\"  aria-label=\"ACC\u00c8S AU FORMULAIRE (seulement en espagnol)\"><span class='avia_button_icon avia_button_icon_left avia-iconfont avia-font-entypo-fontello' data-av_icon='\ue805' data-av_iconfont='entypo-fontello' ><\/span><span class='avia_iconbox_title' >ACC\u00c8S AU FORMULAIRE (seulement en espagnol)<\/span><\/a><\/div><\/div><\/div><\/div><\/div><!-- close content main div --><\/div><\/div><div id='after_section_1'  class='main_color av_default_container_wrap container_wrap fullsize'  ><div class='container av-section-cont-open' ><div class='template-page content  av-content-full alpha units'><div class='post-entry post-entry-type-page post-entry-5093'><div class='entry-content-wrapper clearfix'>\n<style type=\"text\/css\" data-created_by=\"avia_inline_auto\" id=\"style-css-av-3fwrc-c211c2a3d4ac75c0006fbbdb68c0a400\">\n#top .hr.av-3fwrc-c211c2a3d4ac75c0006fbbdb68c0a400{\nmargin-top:15px;\nmargin-bottom:20px;\n}\n.hr.av-3fwrc-c211c2a3d4ac75c0006fbbdb68c0a400 .hr-inner{\nborder-color:#e1e1e1;\n}\n<\/style>\n<div  class='hr av-3fwrc-c211c2a3d4ac75c0006fbbdb68c0a400 hr-custom  avia-builder-el-12  el_after_av_section  el_before_av_hr  avia-builder-el-first  hr-center hr-icon-no'><span class='hr-inner inner-border-av-border-thin'><span class=\"hr-inner-style\"><\/span><\/span><\/div><\/p>\n\n<style type=\"text\/css\" data-created_by=\"avia_inline_auto\" id=\"style-css-av-2776w-564d50359cef32e2b70dfd4b9fa65bbf\">\n#top .hr.av-2776w-564d50359cef32e2b70dfd4b9fa65bbf{\nmargin-top:10px;\nmargin-bottom:10px;\n}\n.hr.av-2776w-564d50359cef32e2b70dfd4b9fa65bbf .hr-inner{\nwidth:60px;\nborder-color:#03498f;\n}\n<\/style>\n<div  class='hr av-2776w-564d50359cef32e2b70dfd4b9fa65bbf hr-custom  avia-builder-el-13  el_after_av_hr  avia-builder-el-last  hr-left hr-icon-no'><span class='hr-inner inner-border-av-border-fat'><span class=\"hr-inner-style\"><\/span><\/span><\/div>\n","protected":false},"excerpt":{"rendered":"","protected":false},"author":1,"featured_media":0,"parent":0,"menu_order":0,"comment_status":"closed","ping_status":"closed","template":"","meta":{"_lmt_disableupdate":"","_lmt_disable":"","footnotes":""},"class_list":["post-5093","page","type-page","status-publish","hentry"],"yoast_head":"<!-- This site is optimized with the Yoast SEO plugin v26.8 - https:\/\/yoast.com\/product\/yoast-seo-wordpress\/ -->\n<title>Estimation des biens immobiliers - LOTISSE<\/title>\n<meta name=\"description\" content=\"Lotisse Estimation des propri\u00e9t\u00e9s \u00e0 des fins fiscales ou autres fins non hypoth\u00e9caires. Veuillez utiliser notre formulaire.\" \/>\n<meta name=\"robots\" content=\"noindex, nofollow\" \/>\n<meta property=\"og:locale\" content=\"fr_FR\" \/>\n<meta property=\"og:type\" content=\"article\" \/>\n<meta property=\"og:title\" content=\"Estimation des biens immobiliers - LOTISSE\" \/>\n<meta property=\"og:description\" content=\"Lotisse Estimation des propri\u00e9t\u00e9s \u00e0 des fins fiscales ou autres fins non hypoth\u00e9caires. Veuillez utiliser notre formulaire.\" \/>\n<meta property=\"og:url\" content=\"https:\/\/lotisse.com\/fr\/estimation-des-biens-immeubles\/\" \/>\n<meta property=\"og:site_name\" content=\"LOTISSE\" \/>\n<meta property=\"article:modified_time\" content=\"2021-12-03T09:41:01+00:00\" \/>\n<meta property=\"og:image\" content=\"https:\/\/lotisse.com\/wp-content\/uploads\/2016\/04\/inmobiliaria-principal.jpg\" \/>\n<meta name=\"twitter:card\" content=\"summary_large_image\" \/>\n<meta name=\"twitter:label1\" content=\"Dur\u00e9e de lecture estim\u00e9e\" \/>\n\t<meta name=\"twitter:data1\" content=\"3 minutes\" \/>\n<script type=\"application\/ld+json\" class=\"yoast-schema-graph\">{\"@context\":\"https:\/\/schema.org\",\"@graph\":[{\"@type\":\"WebPage\",\"@id\":\"https:\/\/lotisse.com\/fr\/estimation-des-biens-immeubles\/\",\"url\":\"https:\/\/lotisse.com\/fr\/estimation-des-biens-immeubles\/\",\"name\":\"Estimation des biens immobiliers - LOTISSE\",\"isPartOf\":{\"@id\":\"https:\/\/lotisse.com\/fr\/#website\"},\"primaryImageOfPage\":{\"@id\":\"https:\/\/lotisse.com\/fr\/estimation-des-biens-immeubles\/#primaryimage\"},\"image\":{\"@id\":\"https:\/\/lotisse.com\/fr\/estimation-des-biens-immeubles\/#primaryimage\"},\"thumbnailUrl\":\"https:\/\/lotisse.com\/wp-content\/uploads\/2016\/04\/inmobiliaria-principal.jpg\",\"datePublished\":\"2016-04-25T12:19:05+00:00\",\"dateModified\":\"2021-12-03T09:41:01+00:00\",\"description\":\"Lotisse Estimation des propri\u00e9t\u00e9s \u00e0 des fins fiscales ou autres fins non hypoth\u00e9caires. Veuillez utiliser notre formulaire.\",\"breadcrumb\":{\"@id\":\"https:\/\/lotisse.com\/fr\/estimation-des-biens-immeubles\/#breadcrumb\"},\"inLanguage\":\"fr-FR\",\"potentialAction\":[{\"@type\":\"ReadAction\",\"target\":[\"https:\/\/lotisse.com\/fr\/estimation-des-biens-immeubles\/\"]}]},{\"@type\":\"ImageObject\",\"inLanguage\":\"fr-FR\",\"@id\":\"https:\/\/lotisse.com\/fr\/estimation-des-biens-immeubles\/#primaryimage\",\"url\":\"https:\/\/lotisse.com\/wp-content\/uploads\/2016\/04\/inmobiliaria-principal.jpg\",\"contentUrl\":\"https:\/\/lotisse.com\/wp-content\/uploads\/2016\/04\/inmobiliaria-principal.jpg\"},{\"@type\":\"BreadcrumbList\",\"@id\":\"https:\/\/lotisse.com\/fr\/estimation-des-biens-immeubles\/#breadcrumb\",\"itemListElement\":[{\"@type\":\"ListItem\",\"position\":1,\"name\":\"Portada\",\"item\":\"https:\/\/lotisse.com\/fr\/\"},{\"@type\":\"ListItem\",\"position\":2,\"name\":\"Estimation des biens immobiliers\"}]},{\"@type\":\"WebSite\",\"@id\":\"https:\/\/lotisse.com\/fr\/#website\",\"url\":\"https:\/\/lotisse.com\/fr\/\",\"name\":\"LOTISSE\",\"description\":\"Administraci\u00f3n y servicios\",\"publisher\":{\"@id\":\"https:\/\/lotisse.com\/fr\/#organization\"},\"potentialAction\":[{\"@type\":\"SearchAction\",\"target\":{\"@type\":\"EntryPoint\",\"urlTemplate\":\"https:\/\/lotisse.com\/fr\/?s={search_term_string}\"},\"query-input\":{\"@type\":\"PropertyValueSpecification\",\"valueRequired\":true,\"valueName\":\"search_term_string\"}}],\"inLanguage\":\"fr-FR\"},{\"@type\":\"Organization\",\"@id\":\"https:\/\/lotisse.com\/fr\/#organization\",\"name\":\"Lotisse\",\"url\":\"https:\/\/lotisse.com\/fr\/\",\"logo\":{\"@type\":\"ImageObject\",\"inLanguage\":\"fr-FR\",\"@id\":\"https:\/\/lotisse.com\/fr\/#\/schema\/logo\/image\/\",\"url\":\"https:\/\/lotisse.com\/wp-content\/uploads\/2016\/07\/lotisse.png\",\"contentUrl\":\"https:\/\/lotisse.com\/wp-content\/uploads\/2016\/07\/lotisse.png\",\"width\":299,\"height\":88,\"caption\":\"Lotisse\"},\"image\":{\"@id\":\"https:\/\/lotisse.com\/fr\/#\/schema\/logo\/image\/\"}}]}<\/script>\n<!-- \/ Yoast SEO plugin. -->","yoast_head_json":{"title":"Estimation des biens immobiliers - LOTISSE","description":"Lotisse Estimation des propri\u00e9t\u00e9s \u00e0 des fins fiscales ou autres fins non hypoth\u00e9caires. Veuillez utiliser notre formulaire.","robots":{"index":"noindex","follow":"nofollow"},"og_locale":"fr_FR","og_type":"article","og_title":"Estimation des biens immobiliers - LOTISSE","og_description":"Lotisse Estimation des propri\u00e9t\u00e9s \u00e0 des fins fiscales ou autres fins non hypoth\u00e9caires. Veuillez utiliser notre formulaire.","og_url":"https:\/\/lotisse.com\/fr\/estimation-des-biens-immeubles\/","og_site_name":"LOTISSE","article_modified_time":"2021-12-03T09:41:01+00:00","og_image":[{"url":"https:\/\/lotisse.com\/wp-content\/uploads\/2016\/04\/inmobiliaria-principal.jpg","type":"","width":"","height":""}],"twitter_card":"summary_large_image","twitter_misc":{"Dur\u00e9e de lecture estim\u00e9e":"3 minutes"},"schema":{"@context":"https:\/\/schema.org","@graph":[{"@type":"WebPage","@id":"https:\/\/lotisse.com\/fr\/estimation-des-biens-immeubles\/","url":"https:\/\/lotisse.com\/fr\/estimation-des-biens-immeubles\/","name":"Estimation des biens immobiliers - LOTISSE","isPartOf":{"@id":"https:\/\/lotisse.com\/fr\/#website"},"primaryImageOfPage":{"@id":"https:\/\/lotisse.com\/fr\/estimation-des-biens-immeubles\/#primaryimage"},"image":{"@id":"https:\/\/lotisse.com\/fr\/estimation-des-biens-immeubles\/#primaryimage"},"thumbnailUrl":"https:\/\/lotisse.com\/wp-content\/uploads\/2016\/04\/inmobiliaria-principal.jpg","datePublished":"2016-04-25T12:19:05+00:00","dateModified":"2021-12-03T09:41:01+00:00","description":"Lotisse Estimation des propri\u00e9t\u00e9s \u00e0 des fins fiscales ou autres fins non hypoth\u00e9caires. Veuillez utiliser notre formulaire.","breadcrumb":{"@id":"https:\/\/lotisse.com\/fr\/estimation-des-biens-immeubles\/#breadcrumb"},"inLanguage":"fr-FR","potentialAction":[{"@type":"ReadAction","target":["https:\/\/lotisse.com\/fr\/estimation-des-biens-immeubles\/"]}]},{"@type":"ImageObject","inLanguage":"fr-FR","@id":"https:\/\/lotisse.com\/fr\/estimation-des-biens-immeubles\/#primaryimage","url":"https:\/\/lotisse.com\/wp-content\/uploads\/2016\/04\/inmobiliaria-principal.jpg","contentUrl":"https:\/\/lotisse.com\/wp-content\/uploads\/2016\/04\/inmobiliaria-principal.jpg"},{"@type":"BreadcrumbList","@id":"https:\/\/lotisse.com\/fr\/estimation-des-biens-immeubles\/#breadcrumb","itemListElement":[{"@type":"ListItem","position":1,"name":"Portada","item":"https:\/\/lotisse.com\/fr\/"},{"@type":"ListItem","position":2,"name":"Estimation des biens immobiliers"}]},{"@type":"WebSite","@id":"https:\/\/lotisse.com\/fr\/#website","url":"https:\/\/lotisse.com\/fr\/","name":"LOTISSE","description":"Administraci\u00f3n y servicios","publisher":{"@id":"https:\/\/lotisse.com\/fr\/#organization"},"potentialAction":[{"@type":"SearchAction","target":{"@type":"EntryPoint","urlTemplate":"https:\/\/lotisse.com\/fr\/?s={search_term_string}"},"query-input":{"@type":"PropertyValueSpecification","valueRequired":true,"valueName":"search_term_string"}}],"inLanguage":"fr-FR"},{"@type":"Organization","@id":"https:\/\/lotisse.com\/fr\/#organization","name":"Lotisse","url":"https:\/\/lotisse.com\/fr\/","logo":{"@type":"ImageObject","inLanguage":"fr-FR","@id":"https:\/\/lotisse.com\/fr\/#\/schema\/logo\/image\/","url":"https:\/\/lotisse.com\/wp-content\/uploads\/2016\/07\/lotisse.png","contentUrl":"https:\/\/lotisse.com\/wp-content\/uploads\/2016\/07\/lotisse.png","width":299,"height":88,"caption":"Lotisse"},"image":{"@id":"https:\/\/lotisse.com\/fr\/#\/schema\/logo\/image\/"}}]}},"_links":{"self":[{"href":"https:\/\/lotisse.com\/fr\/wp-json\/wp\/v2\/pages\/5093","targetHints":{"allow":["GET"]}}],"collection":[{"href":"https:\/\/lotisse.com\/fr\/wp-json\/wp\/v2\/pages"}],"about":[{"href":"https:\/\/lotisse.com\/fr\/wp-json\/wp\/v2\/types\/page"}],"author":[{"embeddable":true,"href":"https:\/\/lotisse.com\/fr\/wp-json\/wp\/v2\/users\/1"}],"replies":[{"embeddable":true,"href":"https:\/\/lotisse.com\/fr\/wp-json\/wp\/v2\/comments?post=5093"}],"version-history":[{"count":4,"href":"https:\/\/lotisse.com\/fr\/wp-json\/wp\/v2\/pages\/5093\/revisions"}],"predecessor-version":[{"id":5131,"href":"https:\/\/lotisse.com\/fr\/wp-json\/wp\/v2\/pages\/5093\/revisions\/5131"}],"wp:attachment":[{"href":"https:\/\/lotisse.com\/fr\/wp-json\/wp\/v2\/media?parent=5093"}],"curies":[{"name":"wp","href":"https:\/\/api.w.org\/{rel}","templated":true}]}}