{"id":4620,"date":"2016-04-25T14:21:59","date_gmt":"2016-04-25T12:21:59","guid":{"rendered":"https:\/\/lotisse.com\/lotisse-quienes-somos\/"},"modified":"2021-10-05T14:55:46","modified_gmt":"2021-10-05T12:55:46","slug":"lotisse-qui-sommes-nous","status":"publish","type":"page","link":"https:\/\/lotisse.com\/fr\/lotisse-qui-sommes-nous\/","title":{"rendered":"Qui sommes-nous"},"content":{"rendered":"\n<style type=\"text\/css\" data-created_by=\"avia_inline_auto\" id=\"style-css-av-ka5hxem5-f91f05bf24208e47e12e709acb121b6f\">\n.avia-section.av-ka5hxem5-f91f05bf24208e47e12e709acb121b6f .av-parallax .av-parallax-inner{\nbackground-repeat:no-repeat;\nbackground-image:url(https:\/\/lotisse.com\/wp-content\/uploads\/2020\/05\/fondo222222-300x121.jpg);\nbackground-position:50% 50%;\nbackground-attachment:scroll;\n}\n<\/style>\n<div id='av_section_1'  class='avia-section av-ka5hxem5-f91f05bf24208e47e12e709acb121b6f main_color avia-section-default avia-no-border-styling  avia-builder-el-0  el_before_av_one_half  avia-builder-el-first  avia-full-stretch av-parallax-section avia-bg-style-parallax container_wrap fullsize'  data-section-bg-repeat='stretch'><div class='av-parallax' data-avia-parallax-ratio='0.3' ><div class='av-parallax-inner main_color avia-full-stretch'><\/div><\/div><div class='container av-section-cont-open' ><main  role=\"main\" itemprop=\"mainContentOfPage\"  class='template-page content  av-content-full alpha units'><div class='post-entry post-entry-type-page post-entry-4620'><div class='entry-content-wrapper clearfix'>\n\n<style type=\"text\/css\" data-created_by=\"avia_inline_auto\" id=\"style-css-av-ka5hxlwk-368ed9c47a656a358a3ce5944ed1014d\">\n#top .hr.hr-invisible.av-ka5hxlwk-368ed9c47a656a358a3ce5944ed1014d{\nheight:50px;\n}\n<\/style>\n<div  class='hr av-ka5hxlwk-368ed9c47a656a358a3ce5944ed1014d hr-invisible  avia-builder-el-1  el_before_av_textblock  avia-builder-el-first '><span class='hr-inner '><span class=\"hr-inner-style\"><\/span><\/span><\/div>\n<section  class='av_textblock_section av-ka5hy22p-0f9fde1a9f15cafccf285da4ebf2961b '   itemscope=\"itemscope\" itemtype=\"https:\/\/schema.org\/CreativeWork\" ><div class='avia_textblock'  itemprop=\"text\" ><h2 style=\"text-align: center;\"><span style=\"color: #ffffff;\">LOTISSE<\/span><\/h2>\n<\/div><\/section>\n\n<style type=\"text\/css\" data-created_by=\"avia_inline_auto\" id=\"style-css-av-ka5hxlwk-368ed9c47a656a358a3ce5944ed1014d\">\n#top .hr.hr-invisible.av-ka5hxlwk-368ed9c47a656a358a3ce5944ed1014d{\nheight:50px;\n}\n<\/style>\n<div  class='hr av-ka5hxlwk-368ed9c47a656a358a3ce5944ed1014d hr-invisible  avia-builder-el-3  el_after_av_textblock  avia-builder-el-last '><span class='hr-inner '><span class=\"hr-inner-style\"><\/span><\/span><\/div>\n<\/div><\/div><\/main><!-- close content main element --><\/div><\/div><div id='after_section_1'  class='main_color av_default_container_wrap container_wrap fullsize'  ><div class='container av-section-cont-open' ><div class='template-page content  av-content-full alpha units'><div class='post-entry post-entry-type-page post-entry-4620'><div class='entry-content-wrapper clearfix'>\n<div class='flex_column_table av-78pzv-68aae313c50287ed796079782c07513b sc-av_one_half av-equal-height-column-flextable'>\n<style type=\"text\/css\" data-created_by=\"avia_inline_auto\" id=\"style-css-av-78pzv-68aae313c50287ed796079782c07513b\">\n.flex_column.av-78pzv-68aae313c50287ed796079782c07513b{\nborder-radius:0px 0px 0px 0px;\npadding:0px 0px 0px 0px;\n}\n<\/style>\n<div  class='flex_column av-78pzv-68aae313c50287ed796079782c07513b av_one_half  avia-builder-el-4  el_after_av_section  el_before_av_one_half  avia-builder-el-first  first flex_column_table_cell av-equal-height-column av-align-middle av-zero-column-padding  '     ><style type=\"text\/css\" data-created_by=\"avia_inline_auto\" id=\"style-css-av-6zt33-1eaa5c364de01bfca59991f417447b73\">\n.avia-image-container.av-6zt33-1eaa5c364de01bfca59991f417447b73 img.avia_image{\nbox-shadow:none;\n}\n.avia-image-container.av-6zt33-1eaa5c364de01bfca59991f417447b73 .av-image-caption-overlay-center{\ncolor:#ffffff;\n}\n<\/style>\n<div  class='avia-image-container av-6zt33-1eaa5c364de01bfca59991f417447b73 av-styling- avia-align-center  avia-builder-el-5  avia-builder-el-no-sibling '   itemprop=\"image\" itemscope=\"itemscope\" itemtype=\"https:\/\/schema.org\/ImageObject\" ><div class=\"avia-image-container-inner\"><div class=\"avia-image-overlay-wrap\"><img decoding=\"async\" fetchpriority=\"high\" class='wp-image-3250 avia-img-lazy-loading-not-3250 avia_image ' src=\"https:\/\/lotisse.com\/wp-content\/uploads\/2017\/11\/SEGUROS-300x200.jpg\" alt='' title='SEGUROS'  height=\"200\" width=\"300\"  itemprop=\"thumbnailUrl\" srcset=\"https:\/\/lotisse.com\/wp-content\/uploads\/2017\/11\/SEGUROS-300x200.jpg 300w, https:\/\/lotisse.com\/wp-content\/uploads\/2017\/11\/SEGUROS-768x512.jpg 768w, https:\/\/lotisse.com\/wp-content\/uploads\/2017\/11\/SEGUROS-1030x687.jpg 1030w, https:\/\/lotisse.com\/wp-content\/uploads\/2017\/11\/SEGUROS-1500x1000.jpg 1500w, https:\/\/lotisse.com\/wp-content\/uploads\/2017\/11\/SEGUROS-705x470.jpg 705w, https:\/\/lotisse.com\/wp-content\/uploads\/2017\/11\/SEGUROS-450x300.jpg 450w, https:\/\/lotisse.com\/wp-content\/uploads\/2017\/11\/SEGUROS.jpg 1920w\" sizes=\"(max-width: 300px) 100vw, 300px\" \/><\/div><\/div><\/div><\/div>\n<div class='av-flex-placeholder'><\/div>\n<style type=\"text\/css\" data-created_by=\"avia_inline_auto\" id=\"style-css-av-6ibj7-875db22e986de5c7eb189b85befeb2db\">\n.flex_column.av-6ibj7-875db22e986de5c7eb189b85befeb2db{\nborder-radius:0px 0px 0px 0px;\npadding:0px 0px 0px 0px;\n}\n<\/style>\n<div  class='flex_column av-6ibj7-875db22e986de5c7eb189b85befeb2db av_one_half  avia-builder-el-6  el_after_av_one_half  el_before_av_hr  flex_column_table_cell av-equal-height-column av-align-middle av-zero-column-padding  '     ><section  class='av_textblock_section av-5qhoj-dcf86afd5fe76c3735cd0a5b73bd2980 '   itemscope=\"itemscope\" itemtype=\"https:\/\/schema.org\/CreativeWork\" ><div class='avia_textblock'  itemprop=\"text\" ><h3>LOTISSE<\/h3>\n<\/div><\/section><br \/>\n\n<style type=\"text\/css\" data-created_by=\"avia_inline_auto\" id=\"style-css-av-512xz-1f68c83552bf60b7cfe15265d0666f99\">\n#top .hr.av-512xz-1f68c83552bf60b7cfe15265d0666f99{\nmargin-top:10px;\nmargin-bottom:10px;\n}\n.hr.av-512xz-1f68c83552bf60b7cfe15265d0666f99 .hr-inner{\nwidth:60px;\nborder-color:#03498f;\n}\n<\/style>\n<div  class='hr av-512xz-1f68c83552bf60b7cfe15265d0666f99 hr-custom  avia-builder-el-8  el_after_av_textblock  el_before_av_textblock  hr-left hr-icon-no'><span class='hr-inner inner-border-av-border-fat'><span class=\"hr-inner-style\"><\/span><\/span><\/div><br \/>\n<section  class='av_textblock_section av-4mien-36aae21df96aa08ba14a245711185cbf '   itemscope=\"itemscope\" itemtype=\"https:\/\/schema.org\/CreativeWork\" ><div class='avia_textblock'  itemprop=\"text\" ><p>Depuis 1991, <strong>Lotisse<\/strong> offre des services juridiques, des conseils en mati\u00e8re de fiscalit\u00e9, d\u2019\u00e9conomie et de comptabilit\u00e9, ainsi que d&rsquo;administration d\u2019immeubles.<\/p>\n<p>Notre \u00e9quipe de professionnels est compos\u00e9e de juristes et d\u2019\u00e9conomistes, qui recherchent toujours la meilleure option pour chaque client.<\/p>\n<p>Si vous avez des questions, appelez-nous ou contactez-nous, nous serons ravis de vous aider.<\/p>\n<\/div><\/section><\/p><\/div><\/div><!--close column table wrapper. Autoclose: 1 -->\n\n<style type=\"text\/css\" data-created_by=\"avia_inline_auto\" id=\"style-css-av-ka5hxlwk-368ed9c47a656a358a3ce5944ed1014d\">\n#top .hr.hr-invisible.av-ka5hxlwk-368ed9c47a656a358a3ce5944ed1014d{\nheight:50px;\n}\n<\/style>\n<div  class='hr av-ka5hxlwk-368ed9c47a656a358a3ce5944ed1014d hr-invisible  avia-builder-el-10  el_after_av_one_half  el_before_av_section  avia-builder-el-last '><span class='hr-inner '><span class=\"hr-inner-style\"><\/span><\/span><\/div>\n<\/div><\/div><\/div><!-- close content main div --><\/div><\/div>\n<style type=\"text\/css\" data-created_by=\"avia_inline_auto\" id=\"style-css-av-ka5hxem5-2ab7eb2987f37b97c846458617950e9d\">\n.avia-section.av-ka5hxem5-2ab7eb2987f37b97c846458617950e9d .av-parallax .av-parallax-inner{\nbackground-repeat:no-repeat;\nbackground-image:url(https:\/\/lotisse.com\/wp-content\/uploads\/2020\/05\/work-bg-300x166.jpg);\nbackground-position:50% 50%;\nbackground-attachment:scroll;\n}\n<\/style>\n<div id='av_section_2'  class='avia-section av-ka5hxem5-2ab7eb2987f37b97c846458617950e9d main_color avia-section-default avia-no-border-styling  avia-builder-el-11  el_after_av_hr  el_before_av_section  avia-full-stretch av-parallax-section avia-bg-style-parallax container_wrap fullsize'  data-section-bg-repeat='stretch'><div class='av-parallax' data-avia-parallax-ratio='0.3' ><div class='av-parallax-inner main_color avia-full-stretch'><\/div><\/div><div class='container av-section-cont-open' ><div class='template-page content  av-content-full alpha units'><div class='post-entry post-entry-type-page post-entry-4620'><div class='entry-content-wrapper clearfix'>\n\n<style type=\"text\/css\" data-created_by=\"avia_inline_auto\" id=\"style-css-av-3857n-278b5465a5a482a10a3dad9b62c275d1\">\n.flex_column.av-3857n-278b5465a5a482a10a3dad9b62c275d1{\nborder-radius:0px 0px 0px 0px;\npadding:0px 0px 0px 0px;\n}\n<\/style>\n<div  class='flex_column av-3857n-278b5465a5a482a10a3dad9b62c275d1 av_one_fifth  avia-builder-el-12  el_before_av_three_fifth  avia-builder-el-first  first flex_column_div av-zero-column-padding  '     ><\/div>\n<style type=\"text\/css\" data-created_by=\"avia_inline_auto\" id=\"style-css-av-9e2v-3d7a420f4a5b0cf5de400bb0d858e66c\">\n.flex_column.av-9e2v-3d7a420f4a5b0cf5de400bb0d858e66c{\nborder-radius:0px 0px 0px 0px;\npadding:0px 0px 0px 0px;\n}\n<\/style>\n<div  class='flex_column av-9e2v-3d7a420f4a5b0cf5de400bb0d858e66c av_three_fifth  avia-builder-el-13  el_after_av_one_fifth  el_before_av_one_fifth  flex_column_div av-zero-column-padding  '     ><section  class='av_textblock_section av-3222r-280f579a29c9be0b0769494b9a528167 '   itemscope=\"itemscope\" itemtype=\"https:\/\/schema.org\/CreativeWork\" ><div class='avia_textblock'  itemprop=\"text\" ><h2 style=\"text-align: center;\">Notre \u00e9quipe<\/h2>\n<\/div><\/section><br \/>\n\n<style type=\"text\/css\" data-created_by=\"avia_inline_auto\" id=\"style-css-av-2lnyb-a1df696e0ba1d08024abb5625a66b1e4\">\n#top .hr.av-2lnyb-a1df696e0ba1d08024abb5625a66b1e4{\nmargin-top:10px;\nmargin-bottom:10px;\n}\n.hr.av-2lnyb-a1df696e0ba1d08024abb5625a66b1e4 .hr-inner{\nwidth:60px;\nborder-color:#03498f;\n}\n<\/style>\n<div  class='hr av-2lnyb-a1df696e0ba1d08024abb5625a66b1e4 hr-custom  avia-builder-el-15  el_after_av_textblock  el_before_av_textblock  hr-center hr-icon-no'><span class='hr-inner inner-border-av-border-fat'><span class=\"hr-inner-style\"><\/span><\/span><\/div><br \/>\n<section  class='av_textblock_section av-21iyb-0194ab00ee4a43bf5bd060f67c2aa3b9 '   itemscope=\"itemscope\" itemtype=\"https:\/\/schema.org\/CreativeWork\" ><div class='avia_textblock'  itemprop=\"text\" ><p style=\"text-align: center;\">L\u2019\u00e9quipe de <strong>Lotisse<\/strong> est compos\u00e9e de professionnels, de juristes, d\u2019\u00e9conomistes, de techniciens et de personnel administratif ayant une grande exp\u00e9rience du secteur, qui ont int\u00e9gr\u00e9 les derni\u00e8res avanc\u00e9es techniques.<\/p>\n<p style=\"text-align: center;\">Chez Lotisse, nous nous caract\u00e9risons par un traitement sp\u00e9cialis\u00e9 et personnalis\u00e9 de chaque client, avec des relations professionnelles, directes et respectueuses. Par cons\u00e9quent, si vous recherchez des services de conseil externe, qu\u2019ils soient juridiques, pour des entreprises ou des ind\u00e9pendants, ou pour des immeubles en propri\u00e9t\u00e9 ou copropri\u00e9t\u00e9, n\u2019h\u00e9sitez pas \u00e0 nous contacter. Nous travaillons dans tout le pays.<\/p>\n<h4 style=\"text-align: center;\">Vous souhaitez mieux nous conna\u00eetre ? Vous pouvez nous contacter <a href=\"https:\/\/lotisse.com\/fr\/contact\/\" target=\"_blank\" rel=\"noopener\">ici<\/a>.<\/h4>\n<\/div><\/section><\/p><\/div>\n<style type=\"text\/css\" data-created_by=\"avia_inline_auto\" id=\"style-css-av-28dsf-df6c301b7f01eeaf6ea28d26e9eb7e37\">\n.flex_column.av-28dsf-df6c301b7f01eeaf6ea28d26e9eb7e37{\nborder-radius:0px 0px 0px 0px;\npadding:0px 0px 0px 0px;\n}\n<\/style>\n<div  class='flex_column av-28dsf-df6c301b7f01eeaf6ea28d26e9eb7e37 av_one_fifth  avia-builder-el-17  el_after_av_three_fifth  avia-builder-el-last  flex_column_div av-zero-column-padding  '     ><\/div>\n\n<\/div><\/div><\/div><!-- close content main div --><\/div><\/div>\n<style type=\"text\/css\" data-created_by=\"avia_inline_auto\" id=\"style-css-av-ka5hxem5-f91f05bf24208e47e12e709acb121b6f\">\n.avia-section.av-ka5hxem5-f91f05bf24208e47e12e709acb121b6f .av-parallax .av-parallax-inner{\nbackground-repeat:no-repeat;\nbackground-image:url(https:\/\/lotisse.com\/wp-content\/uploads\/2020\/05\/fondo222222-300x121.jpg);\nbackground-position:50% 50%;\nbackground-attachment:scroll;\n}\n<\/style>\n<div id='av_section_3'  class='avia-section av-ka5hxem5-f91f05bf24208e47e12e709acb121b6f main_color avia-section-default avia-no-border-styling  avia-builder-el-18  el_after_av_section  avia-builder-el-last  avia-full-stretch av-parallax-section avia-bg-style-parallax container_wrap fullsize'  data-section-bg-repeat='stretch'><div class='av-parallax' data-avia-parallax-ratio='0.3' ><div class='av-parallax-inner main_color avia-full-stretch'><\/div><\/div><div class='container av-section-cont-open' ><div class='template-page content  av-content-full alpha units'><div class='post-entry post-entry-type-page post-entry-4620'><div class='entry-content-wrapper clearfix'>\n\n<style type=\"text\/css\" data-created_by=\"avia_inline_auto\" id=\"style-css-av-l9b-24a54676def770ec948c56cd0ad5664f\">\n.flex_column.av-l9b-24a54676def770ec948c56cd0ad5664f{\nborder-radius:0px 0px 0px 0px;\npadding:0px 0px 0px 0px;\n}\n<\/style>\n<div  class='flex_column av-l9b-24a54676def770ec948c56cd0ad5664f av_two_third  avia-builder-el-19  el_before_av_one_third  avia-builder-el-first  first flex_column_div av-zero-column-padding  '     ><style type=\"text\/css\" data-created_by=\"avia_inline_auto\" id=\"style-css-av-ka5i2blc-3f644053e4681317ac6ef4fe39d65638\">\n#top .av_textblock_section.av-ka5i2blc-3f644053e4681317ac6ef4fe39d65638 .avia_textblock{\ncolor:#ffffff;\n}\n<\/style>\n<section  class='av_textblock_section av-ka5i2blc-3f644053e4681317ac6ef4fe39d65638 '   itemscope=\"itemscope\" itemtype=\"https:\/\/schema.org\/CreativeWork\" ><div class='avia_textblock av_inherit_color'  itemprop=\"text\" ><h2><span style=\"color: #ffffff;\">DEMANDEZ UN DEVIS<\/span><\/h2>\n<p><span style=\"color: #ffffff;\"><strong>PERSONNALIS\u00c9, GRATUIT ET SANS COMPROMIS<\/strong><\/span><\/p>\n<\/div><\/section><\/div>\n<style type=\"text\/css\" data-created_by=\"avia_inline_auto\" id=\"style-css-av-2jxr-235f91a3b68c55f244c25e13ad20f713\">\n.flex_column.av-2jxr-235f91a3b68c55f244c25e13ad20f713{\nborder-radius:0px 0px 0px 0px;\npadding:0px 0px 0px 0px;\n}\n<\/style>\n<div  class='flex_column av-2jxr-235f91a3b68c55f244c25e13ad20f713 av_one_third  avia-builder-el-21  el_after_av_two_third  avia-builder-el-last  flex_column_div av-zero-column-padding  '     ><div  class='avia-button-wrap av-ka5i35di-17d912abaac173ead47d373bf64a962b-wrap avia-button-center  avia-builder-el-22  avia-builder-el-no-sibling '>\n<style type=\"text\/css\" data-created_by=\"avia_inline_auto\" id=\"style-css-av-ka5i35di-17d912abaac173ead47d373bf64a962b\">\n#top #wrap_all .avia-button.av-ka5i35di-17d912abaac173ead47d373bf64a962b{\nbackground-color:#ffffff;\nborder-color:#ffffff;\ncolor:#00386b;\ntransition:all 0.4s ease-in-out;\n}\n#top #wrap_all .avia-button.av-ka5i35di-17d912abaac173ead47d373bf64a962b .avia-svg-icon svg:first-child{\nfill:#00386b;\nstroke:#00386b;\n}\n<\/style>\n<a href='https:\/\/lotisse.com\/fr\/comment-nous-contacter\/'  class='avia-button av-ka5i35di-17d912abaac173ead47d373bf64a962b av-link-btn avia-icon_select-yes-left-icon avia-size-x-large avia-position-center'   aria-label=\"CONTACTEZ\"><span class='avia_button_icon avia_button_icon_left avia-iconfont avia-font-entypo-fontello' data-av_icon='\ue805' data-av_iconfont='entypo-fontello' ><\/span><span class='avia_iconbox_title' >CONTACTEZ<\/span><\/a><\/div><\/div>\n","protected":false},"excerpt":{"rendered":"","protected":false},"author":1,"featured_media":0,"parent":0,"menu_order":0,"comment_status":"closed","ping_status":"closed","template":"","meta":{"_lmt_disableupdate":"","_lmt_disable":"","footnotes":""},"class_list":["post-4620","page","type-page","status-publish","hentry"],"yoast_head":"<!-- This site is optimized with the Yoast SEO plugin v26.8 - https:\/\/yoast.com\/product\/yoast-seo-wordpress\/ -->\n<title>Qui sommes-nous - LOTISSE<\/title>\n<meta name=\"description\" content=\"Services de consulting externes. Juristes et \u00e9conomistes. Administration des copropri\u00e9t\u00e9s. Assurances et autres services.\" \/>\n<meta name=\"robots\" content=\"index, follow, max-snippet:-1, max-image-preview:large, max-video-preview:-1\" \/>\n<link rel=\"canonical\" href=\"https:\/\/lotisse.com\/fr\/lotisse-qui-sommes-nous\/\" \/>\n<meta property=\"og:locale\" content=\"fr_FR\" \/>\n<meta property=\"og:type\" content=\"article\" \/>\n<meta property=\"og:title\" content=\"Qui sommes-nous - LOTISSE\" \/>\n<meta property=\"og:description\" content=\"Services de consulting externes. Juristes et \u00e9conomistes. Administration des copropri\u00e9t\u00e9s. Assurances et autres services.\" \/>\n<meta property=\"og:url\" content=\"https:\/\/lotisse.com\/fr\/lotisse-qui-sommes-nous\/\" \/>\n<meta property=\"og:site_name\" content=\"LOTISSE\" \/>\n<meta property=\"article:modified_time\" content=\"2021-10-05T12:55:46+00:00\" \/>\n<meta name=\"twitter:card\" content=\"summary_large_image\" \/>\n<meta name=\"twitter:label1\" content=\"Dur\u00e9e de lecture estim\u00e9e\" \/>\n\t<meta name=\"twitter:data1\" content=\"11 minutes\" \/>\n<script type=\"application\/ld+json\" class=\"yoast-schema-graph\">{\"@context\":\"https:\/\/schema.org\",\"@graph\":[{\"@type\":\"WebPage\",\"@id\":\"https:\/\/lotisse.com\/fr\/lotisse-qui-sommes-nous\/\",\"url\":\"https:\/\/lotisse.com\/fr\/lotisse-qui-sommes-nous\/\",\"name\":\"Qui sommes-nous - LOTISSE\",\"isPartOf\":{\"@id\":\"https:\/\/lotisse.com\/fr\/#website\"},\"datePublished\":\"2016-04-25T12:21:59+00:00\",\"dateModified\":\"2021-10-05T12:55:46+00:00\",\"description\":\"Services de consulting externes. Juristes et \u00e9conomistes. Administration des copropri\u00e9t\u00e9s. Assurances et autres services.\",\"breadcrumb\":{\"@id\":\"https:\/\/lotisse.com\/fr\/lotisse-qui-sommes-nous\/#breadcrumb\"},\"inLanguage\":\"fr-FR\",\"potentialAction\":[{\"@type\":\"ReadAction\",\"target\":[\"https:\/\/lotisse.com\/fr\/lotisse-qui-sommes-nous\/\"]}]},{\"@type\":\"BreadcrumbList\",\"@id\":\"https:\/\/lotisse.com\/fr\/lotisse-qui-sommes-nous\/#breadcrumb\",\"itemListElement\":[{\"@type\":\"ListItem\",\"position\":1,\"name\":\"Portada\",\"item\":\"https:\/\/lotisse.com\/fr\/\"},{\"@type\":\"ListItem\",\"position\":2,\"name\":\"Qui sommes-nous\"}]},{\"@type\":\"WebSite\",\"@id\":\"https:\/\/lotisse.com\/fr\/#website\",\"url\":\"https:\/\/lotisse.com\/fr\/\",\"name\":\"LOTISSE\",\"description\":\"Administraci\u00f3n y servicios\",\"publisher\":{\"@id\":\"https:\/\/lotisse.com\/fr\/#organization\"},\"potentialAction\":[{\"@type\":\"SearchAction\",\"target\":{\"@type\":\"EntryPoint\",\"urlTemplate\":\"https:\/\/lotisse.com\/fr\/?s={search_term_string}\"},\"query-input\":{\"@type\":\"PropertyValueSpecification\",\"valueRequired\":true,\"valueName\":\"search_term_string\"}}],\"inLanguage\":\"fr-FR\"},{\"@type\":\"Organization\",\"@id\":\"https:\/\/lotisse.com\/fr\/#organization\",\"name\":\"Lotisse\",\"url\":\"https:\/\/lotisse.com\/fr\/\",\"logo\":{\"@type\":\"ImageObject\",\"inLanguage\":\"fr-FR\",\"@id\":\"https:\/\/lotisse.com\/fr\/#\/schema\/logo\/image\/\",\"url\":\"https:\/\/lotisse.com\/wp-content\/uploads\/2016\/07\/lotisse.png\",\"contentUrl\":\"https:\/\/lotisse.com\/wp-content\/uploads\/2016\/07\/lotisse.png\",\"width\":299,\"height\":88,\"caption\":\"Lotisse\"},\"image\":{\"@id\":\"https:\/\/lotisse.com\/fr\/#\/schema\/logo\/image\/\"}}]}<\/script>\n<!-- \/ Yoast SEO plugin. -->","yoast_head_json":{"title":"Qui sommes-nous - LOTISSE","description":"Services de consulting externes. Juristes et \u00e9conomistes. Administration des copropri\u00e9t\u00e9s. Assurances et autres services.","robots":{"index":"index","follow":"follow","max-snippet":"max-snippet:-1","max-image-preview":"max-image-preview:large","max-video-preview":"max-video-preview:-1"},"canonical":"https:\/\/lotisse.com\/fr\/lotisse-qui-sommes-nous\/","og_locale":"fr_FR","og_type":"article","og_title":"Qui sommes-nous - LOTISSE","og_description":"Services de consulting externes. Juristes et \u00e9conomistes. Administration des copropri\u00e9t\u00e9s. Assurances et autres services.","og_url":"https:\/\/lotisse.com\/fr\/lotisse-qui-sommes-nous\/","og_site_name":"LOTISSE","article_modified_time":"2021-10-05T12:55:46+00:00","twitter_card":"summary_large_image","twitter_misc":{"Dur\u00e9e de lecture estim\u00e9e":"11 minutes"},"schema":{"@context":"https:\/\/schema.org","@graph":[{"@type":"WebPage","@id":"https:\/\/lotisse.com\/fr\/lotisse-qui-sommes-nous\/","url":"https:\/\/lotisse.com\/fr\/lotisse-qui-sommes-nous\/","name":"Qui sommes-nous - LOTISSE","isPartOf":{"@id":"https:\/\/lotisse.com\/fr\/#website"},"datePublished":"2016-04-25T12:21:59+00:00","dateModified":"2021-10-05T12:55:46+00:00","description":"Services de consulting externes. Juristes et \u00e9conomistes. Administration des copropri\u00e9t\u00e9s. Assurances et autres services.","breadcrumb":{"@id":"https:\/\/lotisse.com\/fr\/lotisse-qui-sommes-nous\/#breadcrumb"},"inLanguage":"fr-FR","potentialAction":[{"@type":"ReadAction","target":["https:\/\/lotisse.com\/fr\/lotisse-qui-sommes-nous\/"]}]},{"@type":"BreadcrumbList","@id":"https:\/\/lotisse.com\/fr\/lotisse-qui-sommes-nous\/#breadcrumb","itemListElement":[{"@type":"ListItem","position":1,"name":"Portada","item":"https:\/\/lotisse.com\/fr\/"},{"@type":"ListItem","position":2,"name":"Qui sommes-nous"}]},{"@type":"WebSite","@id":"https:\/\/lotisse.com\/fr\/#website","url":"https:\/\/lotisse.com\/fr\/","name":"LOTISSE","description":"Administraci\u00f3n y servicios","publisher":{"@id":"https:\/\/lotisse.com\/fr\/#organization"},"potentialAction":[{"@type":"SearchAction","target":{"@type":"EntryPoint","urlTemplate":"https:\/\/lotisse.com\/fr\/?s={search_term_string}"},"query-input":{"@type":"PropertyValueSpecification","valueRequired":true,"valueName":"search_term_string"}}],"inLanguage":"fr-FR"},{"@type":"Organization","@id":"https:\/\/lotisse.com\/fr\/#organization","name":"Lotisse","url":"https:\/\/lotisse.com\/fr\/","logo":{"@type":"ImageObject","inLanguage":"fr-FR","@id":"https:\/\/lotisse.com\/fr\/#\/schema\/logo\/image\/","url":"https:\/\/lotisse.com\/wp-content\/uploads\/2016\/07\/lotisse.png","contentUrl":"https:\/\/lotisse.com\/wp-content\/uploads\/2016\/07\/lotisse.png","width":299,"height":88,"caption":"Lotisse"},"image":{"@id":"https:\/\/lotisse.com\/fr\/#\/schema\/logo\/image\/"}}]}},"_links":{"self":[{"href":"https:\/\/lotisse.com\/fr\/wp-json\/wp\/v2\/pages\/4620","targetHints":{"allow":["GET"]}}],"collection":[{"href":"https:\/\/lotisse.com\/fr\/wp-json\/wp\/v2\/pages"}],"about":[{"href":"https:\/\/lotisse.com\/fr\/wp-json\/wp\/v2\/types\/page"}],"author":[{"embeddable":true,"href":"https:\/\/lotisse.com\/fr\/wp-json\/wp\/v2\/users\/1"}],"replies":[{"embeddable":true,"href":"https:\/\/lotisse.com\/fr\/wp-json\/wp\/v2\/comments?post=4620"}],"version-history":[{"count":4,"href":"https:\/\/lotisse.com\/fr\/wp-json\/wp\/v2\/pages\/4620\/revisions"}],"predecessor-version":[{"id":4707,"href":"https:\/\/lotisse.com\/fr\/wp-json\/wp\/v2\/pages\/4620\/revisions\/4707"}],"wp:attachment":[{"href":"https:\/\/lotisse.com\/fr\/wp-json\/wp\/v2\/media?parent=4620"}],"curies":[{"name":"wp","href":"https:\/\/api.w.org\/{rel}","templated":true}]}}