{"id":4612,"date":"2021-07-30T12:01:56","date_gmt":"2021-07-30T10:01:56","guid":{"rendered":"https:\/\/lotisse.com\/lotisse-achat-de-portefeuilles-professionnels\/asesor-fiscal\/"},"modified":"2021-10-15T09:29:05","modified_gmt":"2021-10-15T07:29:05","slug":"lotisse-achat-portefeuilles-3","status":"publish","type":"page","link":"https:\/\/lotisse.com\/fr\/lotisse-achat-de-portefeuilles-professionnels\/lotisse-achat-portefeuilles-3\/","title":{"rendered":"Professionnels (conseiller fiscal, social ou comptable)"},"content":{"rendered":"<div class='flex_column_table av-krq69s4r-2791685dc95509bc6d9c929d13a85bd6 sc-av_one_third av-equal-height-column-flextable'>\n<style type=\"text\/css\" data-created_by=\"avia_inline_auto\" id=\"style-css-av-krq69s4r-2791685dc95509bc6d9c929d13a85bd6\">\n.flex_column.av-krq69s4r-2791685dc95509bc6d9c929d13a85bd6{\nborder-radius:0px 0px 0px 0px;\npadding:0px 0px 0px 0px;\n}\n<\/style>\n<div  class='flex_column av-krq69s4r-2791685dc95509bc6d9c929d13a85bd6 av_one_third  avia-builder-el-0  el_before_av_two_third  avia-builder-el-first  first flex_column_table_cell av-equal-height-column av-align-middle av-zero-column-padding  '     ><p>\n<style type=\"text\/css\" data-created_by=\"avia_inline_auto\" id=\"style-css-av-krq68mb4-cd1e7e5dd18b2dcc70074b07622a40d7\">\n.avia-image-container.av-krq68mb4-cd1e7e5dd18b2dcc70074b07622a40d7 img.avia_image{\nbox-shadow:none;\n}\n.avia-image-container.av-krq68mb4-cd1e7e5dd18b2dcc70074b07622a40d7 .av-image-caption-overlay-center{\ncolor:#ffffff;\n}\n<\/style>\n<div  class='avia-image-container av-krq68mb4-cd1e7e5dd18b2dcc70074b07622a40d7 av-styling- avia-align-center  avia-builder-el-1  el_before_av_button  avia-builder-el-first '   itemprop=\"image\" itemscope=\"itemscope\" itemtype=\"https:\/\/schema.org\/ImageObject\" ><div class=\"avia-image-container-inner\"><div class=\"avia-image-overlay-wrap\"><img decoding=\"async\" fetchpriority=\"high\" class='wp-image-4116 avia-img-lazy-loading-not-4116 avia_image ' src=\"https:\/\/lotisse.com\/wp-content\/uploads\/2021\/07\/frases-para-jubilados.jpg\" alt='' title='frases-para-jubilados'  height=\"835\" width=\"1255\"  itemprop=\"thumbnailUrl\" srcset=\"https:\/\/lotisse.com\/wp-content\/uploads\/2021\/07\/frases-para-jubilados.jpg 1255w, https:\/\/lotisse.com\/wp-content\/uploads\/2021\/07\/frases-para-jubilados-300x200.jpg 300w, https:\/\/lotisse.com\/wp-content\/uploads\/2021\/07\/frases-para-jubilados-1030x685.jpg 1030w, https:\/\/lotisse.com\/wp-content\/uploads\/2021\/07\/frases-para-jubilados-768x511.jpg 768w, https:\/\/lotisse.com\/wp-content\/uploads\/2021\/07\/frases-para-jubilados-705x469.jpg 705w\" sizes=\"(max-width: 1255px) 100vw, 1255px\" \/><\/div><\/div><\/div><br \/>\n<div  class='avia-button-wrap av-krq6ay93-af3463233854fed3a320f9acf24197a9-wrap avia-button-center  avia-builder-el-2  el_after_av_image  avia-builder-el-last '><a href='\/fr\/lotisse-achat-de-portefeuilles-professionnels\/'  class='avia-button av-krq6ay93-af3463233854fed3a320f9acf24197a9 av-link-btn avia-icon_select-yes-left-icon avia-size-small avia-position-center avia-color-theme-color'   aria-label=\"Arri\u00e8re\"><span class='avia_button_icon avia_button_icon_left avia-iconfont avia-font-entypo-fontello' data-av_icon='\ue820' data-av_iconfont='entypo-fontello' ><\/span><span class='avia_iconbox_title' >Arri\u00e8re<\/span><\/a><\/div><\/p><\/div><div class='av-flex-placeholder'><\/div>\n<style type=\"text\/css\" data-created_by=\"avia_inline_auto\" id=\"style-css-av-krq69x27-80346580bdefd44d54be034444c9de16\">\n.flex_column.av-krq69x27-80346580bdefd44d54be034444c9de16{\nborder-radius:0px 0px 0px 0px;\npadding:0px 0px 0px 0px;\n}\n<\/style>\n<div  class='flex_column av-krq69x27-80346580bdefd44d54be034444c9de16 av_two_third  avia-builder-el-3  el_after_av_one_third  avia-builder-el-last  flex_column_table_cell av-equal-height-column av-align-middle av-zero-column-padding  '     ><section  class='av_textblock_section av-krq67i0j-efa33fb88738c600b14a0ee116c283f8 '   itemscope=\"itemscope\" itemtype=\"https:\/\/schema.org\/CreativeWork\" ><div class='avia_textblock'  itemprop=\"text\" ><p>Si vous \u00eates <strong>conseiller fiscal, social ou comptable<\/strong>, \u00e0 titre personnel ou par l&rsquo;interm\u00e9diaire d&rsquo;une soci\u00e9t\u00e9, que vous \u00eates proche de la retraite, que vous allez changer d&rsquo;activit\u00e9 professionnelle ou que vous ne serez plus en mesure de continuer \u00e0 servir vos clients pour une raison quelconque, vous pourriez \u00eatre int\u00e9ress\u00e9 par la vente de votre portefeuille.<\/p>\n<p>Nous ne nous soucions pas de la taille. Nos propositions sont adapt\u00e9es \u00e0 la quantit\u00e9, mais surtout \u00e0 la qualit\u00e9 des portefeuilles. Ils sont r\u00e9alistes et cherchent \u00e0 obtenir la pleine satisfaction des deux parties. Et bien s\u00fbr, des clients.<\/p>\n<p>Si vous souhaitez que nous vous fassions une offre sans engagement, veuillez nous envoyer un e-mail \u00e0 <a href=\"mailto:carteras@lotisse.com\">carteras@lotisse.com<\/a>, en indiquant votre num\u00e9ro de t\u00e9l\u00e9phone de contact.<\/p>\n<p>Les donn\u00e9es relatives au nombre de clients, \u00e0 la facturation, \u00e0 la localisation, etc., sont strictement confidentielles, nous ne les demandons donc que personnellement.<\/p>\n<p>Nous offrons fiabilit\u00e9, solvabilit\u00e9, \u00e9quipe et plus de trente ans d&rsquo;exp\u00e9rience.<\/p>\n<\/div><\/section><\/div><\/div><!--close column table wrapper. Autoclose: 1 --><\/p>\n","protected":false},"excerpt":{"rendered":"","protected":false},"author":3,"featured_media":0,"parent":4591,"menu_order":0,"comment_status":"closed","ping_status":"closed","template":"","meta":{"rs_blank_template":"","rs_page_bg_color":"","slide_template_v7":"","_lmt_disableupdate":"","_lmt_disable":"","footnotes":""},"class_list":["post-4612","page","type-page","status-publish","hentry"],"yoast_head":"<!-- This site is optimized with the Yoast SEO plugin v27.3 - https:\/\/yoast.com\/product\/yoast-seo-wordpress\/ -->\n<title>Professionnels (conseiller fiscal, social ou comptable) - LOTISSE<\/title>\n<meta name=\"description\" content=\"Si vous \u00eates conseiller fiscal social ou comptable et veuillez vendre son portefeuilles, contactez Lotisse pour recevoir une offre.\" \/>\n<meta name=\"robots\" content=\"index, follow, max-snippet:-1, max-image-preview:large, max-video-preview:-1\" \/>\n<link rel=\"canonical\" href=\"https:\/\/lotisse.com\/fr\/lotisse-achat-de-portefeuilles-professionnels\/lotisse-achat-portefeuilles-3\/\" \/>\n<meta property=\"og:locale\" content=\"fr_FR\" \/>\n<meta property=\"og:type\" content=\"article\" \/>\n<meta property=\"og:title\" content=\"Professionnels (conseiller fiscal, social ou comptable) - LOTISSE\" \/>\n<meta property=\"og:description\" content=\"Si vous \u00eates conseiller fiscal social ou comptable et veuillez vendre son portefeuilles, contactez Lotisse pour recevoir une offre.\" \/>\n<meta property=\"og:url\" content=\"https:\/\/lotisse.com\/fr\/lotisse-achat-de-portefeuilles-professionnels\/lotisse-achat-portefeuilles-3\/\" \/>\n<meta property=\"og:site_name\" content=\"LOTISSE\" \/>\n<meta property=\"article:modified_time\" content=\"2021-10-15T07:29:05+00:00\" \/>\n<meta name=\"twitter:card\" content=\"summary_large_image\" \/>\n<meta name=\"twitter:label1\" content=\"Dur\u00e9e de lecture estim\u00e9e\" \/>\n\t<meta name=\"twitter:data1\" content=\"2 minutes\" \/>\n<script type=\"application\/ld+json\" class=\"yoast-schema-graph\">{\"@context\":\"https:\\\/\\\/schema.org\",\"@graph\":[{\"@type\":\"WebPage\",\"@id\":\"https:\\\/\\\/lotisse.com\\\/fr\\\/lotisse-achat-de-portefeuilles-professionnels\\\/lotisse-achat-portefeuilles-3\\\/\",\"url\":\"https:\\\/\\\/lotisse.com\\\/fr\\\/lotisse-achat-de-portefeuilles-professionnels\\\/lotisse-achat-portefeuilles-3\\\/\",\"name\":\"Professionnels (conseiller fiscal, social ou comptable) - LOTISSE\",\"isPartOf\":{\"@id\":\"https:\\\/\\\/lotisse.com\\\/fr\\\/#website\"},\"datePublished\":\"2021-07-30T10:01:56+00:00\",\"dateModified\":\"2021-10-15T07:29:05+00:00\",\"description\":\"Si vous \u00eates conseiller fiscal social ou comptable et veuillez vendre son portefeuilles, contactez Lotisse pour recevoir une offre.\",\"breadcrumb\":{\"@id\":\"https:\\\/\\\/lotisse.com\\\/fr\\\/lotisse-achat-de-portefeuilles-professionnels\\\/lotisse-achat-portefeuilles-3\\\/#breadcrumb\"},\"inLanguage\":\"fr-FR\",\"potentialAction\":[{\"@type\":\"ReadAction\",\"target\":[\"https:\\\/\\\/lotisse.com\\\/fr\\\/lotisse-achat-de-portefeuilles-professionnels\\\/lotisse-achat-portefeuilles-3\\\/\"]}]},{\"@type\":\"BreadcrumbList\",\"@id\":\"https:\\\/\\\/lotisse.com\\\/fr\\\/lotisse-achat-de-portefeuilles-professionnels\\\/lotisse-achat-portefeuilles-3\\\/#breadcrumb\",\"itemListElement\":[{\"@type\":\"ListItem\",\"position\":1,\"name\":\"Portada\",\"item\":\"https:\\\/\\\/lotisse.com\\\/fr\\\/\"},{\"@type\":\"ListItem\",\"position\":2,\"name\":\"Professionnels\",\"item\":\"https:\\\/\\\/lotisse.com\\\/fr\\\/lotisse-achat-de-portefeuilles-professionnels\\\/\"},{\"@type\":\"ListItem\",\"position\":3,\"name\":\"Professionnels (conseiller fiscal, social ou comptable)\"}]},{\"@type\":\"WebSite\",\"@id\":\"https:\\\/\\\/lotisse.com\\\/fr\\\/#website\",\"url\":\"https:\\\/\\\/lotisse.com\\\/fr\\\/\",\"name\":\"LOTISSE\",\"description\":\"Administraci\u00f3n y servicios\",\"publisher\":{\"@id\":\"https:\\\/\\\/lotisse.com\\\/fr\\\/#organization\"},\"potentialAction\":[{\"@type\":\"SearchAction\",\"target\":{\"@type\":\"EntryPoint\",\"urlTemplate\":\"https:\\\/\\\/lotisse.com\\\/fr\\\/?s={search_term_string}\"},\"query-input\":{\"@type\":\"PropertyValueSpecification\",\"valueRequired\":true,\"valueName\":\"search_term_string\"}}],\"inLanguage\":\"fr-FR\"},{\"@type\":\"Organization\",\"@id\":\"https:\\\/\\\/lotisse.com\\\/fr\\\/#organization\",\"name\":\"Lotisse\",\"url\":\"https:\\\/\\\/lotisse.com\\\/fr\\\/\",\"logo\":{\"@type\":\"ImageObject\",\"inLanguage\":\"fr-FR\",\"@id\":\"https:\\\/\\\/lotisse.com\\\/fr\\\/#\\\/schema\\\/logo\\\/image\\\/\",\"url\":\"https:\\\/\\\/lotisse.com\\\/wp-content\\\/uploads\\\/2016\\\/07\\\/lotisse.png\",\"contentUrl\":\"https:\\\/\\\/lotisse.com\\\/wp-content\\\/uploads\\\/2016\\\/07\\\/lotisse.png\",\"width\":299,\"height\":88,\"caption\":\"Lotisse\"},\"image\":{\"@id\":\"https:\\\/\\\/lotisse.com\\\/fr\\\/#\\\/schema\\\/logo\\\/image\\\/\"}}]}<\/script>\n<!-- \/ Yoast SEO plugin. -->","yoast_head_json":{"title":"Professionnels (conseiller fiscal, social ou comptable) - LOTISSE","description":"Si vous \u00eates conseiller fiscal social ou comptable et veuillez vendre son portefeuilles, contactez Lotisse pour recevoir une offre.","robots":{"index":"index","follow":"follow","max-snippet":"max-snippet:-1","max-image-preview":"max-image-preview:large","max-video-preview":"max-video-preview:-1"},"canonical":"https:\/\/lotisse.com\/fr\/lotisse-achat-de-portefeuilles-professionnels\/lotisse-achat-portefeuilles-3\/","og_locale":"fr_FR","og_type":"article","og_title":"Professionnels (conseiller fiscal, social ou comptable) - LOTISSE","og_description":"Si vous \u00eates conseiller fiscal social ou comptable et veuillez vendre son portefeuilles, contactez Lotisse pour recevoir une offre.","og_url":"https:\/\/lotisse.com\/fr\/lotisse-achat-de-portefeuilles-professionnels\/lotisse-achat-portefeuilles-3\/","og_site_name":"LOTISSE","article_modified_time":"2021-10-15T07:29:05+00:00","twitter_card":"summary_large_image","twitter_misc":{"Dur\u00e9e de lecture estim\u00e9e":"2 minutes"},"schema":{"@context":"https:\/\/schema.org","@graph":[{"@type":"WebPage","@id":"https:\/\/lotisse.com\/fr\/lotisse-achat-de-portefeuilles-professionnels\/lotisse-achat-portefeuilles-3\/","url":"https:\/\/lotisse.com\/fr\/lotisse-achat-de-portefeuilles-professionnels\/lotisse-achat-portefeuilles-3\/","name":"Professionnels (conseiller fiscal, social ou comptable) - LOTISSE","isPartOf":{"@id":"https:\/\/lotisse.com\/fr\/#website"},"datePublished":"2021-07-30T10:01:56+00:00","dateModified":"2021-10-15T07:29:05+00:00","description":"Si vous \u00eates conseiller fiscal social ou comptable et veuillez vendre son portefeuilles, contactez Lotisse pour recevoir une offre.","breadcrumb":{"@id":"https:\/\/lotisse.com\/fr\/lotisse-achat-de-portefeuilles-professionnels\/lotisse-achat-portefeuilles-3\/#breadcrumb"},"inLanguage":"fr-FR","potentialAction":[{"@type":"ReadAction","target":["https:\/\/lotisse.com\/fr\/lotisse-achat-de-portefeuilles-professionnels\/lotisse-achat-portefeuilles-3\/"]}]},{"@type":"BreadcrumbList","@id":"https:\/\/lotisse.com\/fr\/lotisse-achat-de-portefeuilles-professionnels\/lotisse-achat-portefeuilles-3\/#breadcrumb","itemListElement":[{"@type":"ListItem","position":1,"name":"Portada","item":"https:\/\/lotisse.com\/fr\/"},{"@type":"ListItem","position":2,"name":"Professionnels","item":"https:\/\/lotisse.com\/fr\/lotisse-achat-de-portefeuilles-professionnels\/"},{"@type":"ListItem","position":3,"name":"Professionnels (conseiller fiscal, social ou comptable)"}]},{"@type":"WebSite","@id":"https:\/\/lotisse.com\/fr\/#website","url":"https:\/\/lotisse.com\/fr\/","name":"LOTISSE","description":"Administraci\u00f3n y servicios","publisher":{"@id":"https:\/\/lotisse.com\/fr\/#organization"},"potentialAction":[{"@type":"SearchAction","target":{"@type":"EntryPoint","urlTemplate":"https:\/\/lotisse.com\/fr\/?s={search_term_string}"},"query-input":{"@type":"PropertyValueSpecification","valueRequired":true,"valueName":"search_term_string"}}],"inLanguage":"fr-FR"},{"@type":"Organization","@id":"https:\/\/lotisse.com\/fr\/#organization","name":"Lotisse","url":"https:\/\/lotisse.com\/fr\/","logo":{"@type":"ImageObject","inLanguage":"fr-FR","@id":"https:\/\/lotisse.com\/fr\/#\/schema\/logo\/image\/","url":"https:\/\/lotisse.com\/wp-content\/uploads\/2016\/07\/lotisse.png","contentUrl":"https:\/\/lotisse.com\/wp-content\/uploads\/2016\/07\/lotisse.png","width":299,"height":88,"caption":"Lotisse"},"image":{"@id":"https:\/\/lotisse.com\/fr\/#\/schema\/logo\/image\/"}}]}},"_links":{"self":[{"href":"https:\/\/lotisse.com\/fr\/wp-json\/wp\/v2\/pages\/4612","targetHints":{"allow":["GET"]}}],"collection":[{"href":"https:\/\/lotisse.com\/fr\/wp-json\/wp\/v2\/pages"}],"about":[{"href":"https:\/\/lotisse.com\/fr\/wp-json\/wp\/v2\/types\/page"}],"author":[{"embeddable":true,"href":"https:\/\/lotisse.com\/fr\/wp-json\/wp\/v2\/users\/3"}],"replies":[{"embeddable":true,"href":"https:\/\/lotisse.com\/fr\/wp-json\/wp\/v2\/comments?post=4612"}],"version-history":[{"count":4,"href":"https:\/\/lotisse.com\/fr\/wp-json\/wp\/v2\/pages\/4612\/revisions"}],"predecessor-version":[{"id":4845,"href":"https:\/\/lotisse.com\/fr\/wp-json\/wp\/v2\/pages\/4612\/revisions\/4845"}],"up":[{"embeddable":true,"href":"https:\/\/lotisse.com\/fr\/wp-json\/wp\/v2\/pages\/4591"}],"wp:attachment":[{"href":"https:\/\/lotisse.com\/fr\/wp-json\/wp\/v2\/media?parent=4612"}],"curies":[{"name":"wp","href":"https:\/\/api.w.org\/{rel}","templated":true}]}}