{"id":4591,"date":"2021-07-30T11:54:51","date_gmt":"2021-07-30T09:54:51","guid":{"rendered":"https:\/\/lotisse.com\/profesionales\/"},"modified":"2021-10-01T13:36:35","modified_gmt":"2021-10-01T11:36:35","slug":"lotisse-achat-de-portefeuilles-professionnels","status":"publish","type":"page","link":"https:\/\/lotisse.com\/fr\/lotisse-achat-de-portefeuilles-professionnels\/","title":{"rendered":"Professionnels"},"content":{"rendered":"\n<style type=\"text\/css\" data-created_by=\"avia_inline_auto\" id=\"style-css-av-bjpc6y-584ec237d95289ba4c89dd37612638d9\">\n.flex_column.av-bjpc6y-584ec237d95289ba4c89dd37612638d9{\nborder-radius:0px 0px 0px 0px;\npadding:0px 0px 0px 0px;\n}\n<\/style>\n<div  class='flex_column av-bjpc6y-584ec237d95289ba4c89dd37612638d9 av_one_full  avia-builder-el-0  el_before_av_one_third  avia-builder-el-first  first flex_column_div av-zero-column-padding  '     ><section  class='av_textblock_section av-krq5xzim-6dac400a24ead2ff7ad2d5118c09a6ce '   itemscope=\"itemscope\" itemtype=\"https:\/\/schema.org\/CreativeWork\" ><div class='avia_textblock'  itemprop=\"text\" ><h2 style=\"text-align: center;\">\u00cates-vous un professionnel ?<\/h2>\n<\/div><\/section><\/div>\n\n<style type=\"text\/css\" data-created_by=\"avia_inline_auto\" id=\"style-css-av-9gtnfu-c932229d071e79a4bf7af03e0a8e919c\">\n.flex_column.av-9gtnfu-c932229d071e79a4bf7af03e0a8e919c{\nborder-radius:0px 0px 0px 0px;\npadding:0px 0px 0px 0px;\n}\n<\/style>\n<div  class='flex_column av-9gtnfu-c932229d071e79a4bf7af03e0a8e919c av_one_third  avia-builder-el-2  el_after_av_one_full  el_before_av_one_third  first flex_column_div av-zero-column-padding  column-top-margin'     ><style type=\"text\/css\" data-created_by=\"avia_inline_auto\" id=\"style-css-av-7o8rga-0bcb81426e9a09f562b1d291b5881b12\">\n.avia-image-container.av-7o8rga-0bcb81426e9a09f562b1d291b5881b12 img.avia_image{\nbox-shadow:none;\n}\n.avia-image-container.av-7o8rga-0bcb81426e9a09f562b1d291b5881b12 .av-caption-image-overlay-bg{\nopacity:0.5;\nbackground-color:#000000;\n}\n.avia-image-container.av-7o8rga-0bcb81426e9a09f562b1d291b5881b12 .av-image-caption-overlay-center{\ncolor:#ffffff;\n}\n<\/style>\n<div  class='avia-image-container av-7o8rga-0bcb81426e9a09f562b1d291b5881b12 av-styling- av-img-linked avia-align-center  avia-builder-el-3  avia-builder-el-no-sibling  noHover av-overlay-hover-deactivate'   itemprop=\"image\" itemscope=\"itemscope\" itemtype=\"https:\/\/schema.org\/ImageObject\" ><div class=\"avia-image-container-inner\"><div class=\"avia-image-overlay-wrap\"><a href=\"\/fr\/lotisse-achat-de-portefeuilles-professionnels\/lotisse-achat-portefeuilles\" class='avia_image '  aria-label='1 Administrador de fincas'><div class=\"av-image-caption-overlay\"><div class=\"av-caption-image-overlay-bg\"><\/div><div class=\"av-image-caption-overlay-position\"><div class=\"av-image-caption-overlay-center\"><p>Administrateur de biens immobiliers ?<\/p>\n<\/div><\/div><\/div><img decoding=\"async\" fetchpriority=\"high\" class='wp-image-4100 avia-img-lazy-loading-not-4100 avia_image ' src=\"https:\/\/lotisse.com\/wp-content\/uploads\/2021\/07\/1-Administrador-de-fincas-300x169.jpeg\" alt='' title='1 Administrador de fincas'  height=\"169\" width=\"300\"  itemprop=\"thumbnailUrl\" srcset=\"https:\/\/lotisse.com\/wp-content\/uploads\/2021\/07\/1-Administrador-de-fincas-300x169.jpeg 300w, https:\/\/lotisse.com\/wp-content\/uploads\/2021\/07\/1-Administrador-de-fincas.jpeg 656w\" sizes=\"(max-width: 300px) 100vw, 300px\" \/><\/a><\/div><\/div><\/div><\/div>\n<style type=\"text\/css\" data-created_by=\"avia_inline_auto\" id=\"style-css-av-6ancre-5d47221cf9f96604cc19ad7331c25f2a\">\n.flex_column.av-6ancre-5d47221cf9f96604cc19ad7331c25f2a{\nborder-radius:0px 0px 0px 0px;\npadding:0px 0px 0px 0px;\n}\n<\/style>\n<div  class='flex_column av-6ancre-5d47221cf9f96604cc19ad7331c25f2a av_one_third  avia-builder-el-4  el_after_av_one_third  el_before_av_one_third  flex_column_div av-zero-column-padding  column-top-margin'     ><style type=\"text\/css\" data-created_by=\"avia_inline_auto\" id=\"style-css-av-krq6124l-2942df4bb60630867a09584cd3a79fe7\">\n.avia-image-container.av-krq6124l-2942df4bb60630867a09584cd3a79fe7 img.avia_image{\nbox-shadow:none;\n}\n.avia-image-container.av-krq6124l-2942df4bb60630867a09584cd3a79fe7 .av-caption-image-overlay-bg{\nopacity:0.5;\nbackground-color:#000000;\n}\n.avia-image-container.av-krq6124l-2942df4bb60630867a09584cd3a79fe7 .av-image-caption-overlay-center{\ncolor:#ffffff;\n}\n<\/style>\n<div  class='avia-image-container av-krq6124l-2942df4bb60630867a09584cd3a79fe7 av-styling- av-img-linked avia-align-center  avia-builder-el-5  avia-builder-el-no-sibling  noHover av-overlay-hover-deactivate'   itemprop=\"image\" itemscope=\"itemscope\" itemtype=\"https:\/\/schema.org\/ImageObject\" ><div class=\"avia-image-container-inner\"><div class=\"avia-image-overlay-wrap\"><a href=\"\/fr\/lotisse-achat-de-portefeuilles-professionnels\/lotisse-achat-portefeuilles-3\" class='avia_image '  aria-label='2 Asesor fiscal'><div class=\"av-image-caption-overlay\"><div class=\"av-caption-image-overlay-bg\"><\/div><div class=\"av-image-caption-overlay-position\"><div class=\"av-image-caption-overlay-center\"><p>Conseiller fiscal, social ou comptable ?<\/p>\n<\/div><\/div><\/div><img decoding=\"async\" fetchpriority=\"high\" class='wp-image-4102 avia-img-lazy-loading-not-4102 avia_image ' src=\"https:\/\/lotisse.com\/wp-content\/uploads\/2021\/07\/2-Asesor-fiscal-300x172.jpg\" alt='' title='2 Asesor fiscal'  height=\"172\" width=\"300\"  itemprop=\"thumbnailUrl\" srcset=\"https:\/\/lotisse.com\/wp-content\/uploads\/2021\/07\/2-Asesor-fiscal-300x172.jpg 300w, https:\/\/lotisse.com\/wp-content\/uploads\/2021\/07\/2-Asesor-fiscal-1030x589.jpg 1030w, https:\/\/lotisse.com\/wp-content\/uploads\/2021\/07\/2-Asesor-fiscal-768x439.jpg 768w, https:\/\/lotisse.com\/wp-content\/uploads\/2021\/07\/2-Asesor-fiscal-705x403.jpg 705w, https:\/\/lotisse.com\/wp-content\/uploads\/2021\/07\/2-Asesor-fiscal.jpg 1200w\" sizes=\"(max-width: 300px) 100vw, 300px\" \/><\/a><\/div><\/div><\/div><\/div>\n<style type=\"text\/css\" data-created_by=\"avia_inline_auto\" id=\"style-css-av-3m4k62-13e18c66d61fbde7d01da9bf097b5355\">\n.flex_column.av-3m4k62-13e18c66d61fbde7d01da9bf097b5355{\nborder-radius:0px 0px 0px 0px;\npadding:0px 0px 0px 0px;\n}\n<\/style>\n<div  class='flex_column av-3m4k62-13e18c66d61fbde7d01da9bf097b5355 av_one_third  avia-builder-el-6  el_after_av_one_third  el_before_av_one_full  flex_column_div av-zero-column-padding  column-top-margin'     ><style type=\"text\/css\" data-created_by=\"avia_inline_auto\" id=\"style-css-av-krq62ox8-77095af820c66ffe09d364e008842f3c\">\n.avia-image-container.av-krq62ox8-77095af820c66ffe09d364e008842f3c img.avia_image{\nbox-shadow:none;\n}\n.avia-image-container.av-krq62ox8-77095af820c66ffe09d364e008842f3c .av-caption-image-overlay-bg{\nopacity:0.5;\nbackground-color:#000000;\n}\n.avia-image-container.av-krq62ox8-77095af820c66ffe09d364e008842f3c .av-image-caption-overlay-center{\ncolor:#ffffff;\n}\n<\/style>\n<div  class='avia-image-container av-krq62ox8-77095af820c66ffe09d364e008842f3c av-styling- av-img-linked avia-align-center  avia-builder-el-7  avia-builder-el-no-sibling  noHover av-overlay-hover-deactivate'   itemprop=\"image\" itemscope=\"itemscope\" itemtype=\"https:\/\/schema.org\/ImageObject\" ><div class=\"avia-image-container-inner\"><div class=\"avia-image-overlay-wrap\"><a href=\"\/fr\/lotisse-achat-de-portefeuilles-professionnels\/lotisse-achat-portefeuilles-2\" class='avia_image '  aria-label='3 Agente de seguros'><div class=\"av-image-caption-overlay\"><div class=\"av-caption-image-overlay-bg\"><\/div><div class=\"av-image-caption-overlay-position\"><div class=\"av-image-caption-overlay-center\"><p>Agent ou courtier d&rsquo;assurance ?<\/p>\n<\/div><\/div><\/div><img decoding=\"async\" fetchpriority=\"high\" class='wp-image-4104 avia-img-lazy-loading-not-4104 avia_image ' src=\"https:\/\/lotisse.com\/wp-content\/uploads\/2021\/07\/3-Agente-de-seguros-300x188.jpg\" alt='' title='3 Agente de seguros'  height=\"188\" width=\"300\"  itemprop=\"thumbnailUrl\" srcset=\"https:\/\/lotisse.com\/wp-content\/uploads\/2021\/07\/3-Agente-de-seguros-300x188.jpg 300w, https:\/\/lotisse.com\/wp-content\/uploads\/2021\/07\/3-Agente-de-seguros.jpg 500w\" sizes=\"(max-width: 300px) 100vw, 300px\" \/><\/a><\/div><\/div><\/div><\/div>\n<style type=\"text\/css\" data-created_by=\"avia_inline_auto\" id=\"style-css-av-9mn1m-41d0242d04f5dba16205913554b190d0\">\n.flex_column.av-9mn1m-41d0242d04f5dba16205913554b190d0{\nborder-radius:0px 0px 0px 0px;\npadding:0px 0px 0px 0px;\n}\n<\/style>\n<div  class='flex_column av-9mn1m-41d0242d04f5dba16205913554b190d0 av_one_full  avia-builder-el-8  el_after_av_one_third  avia-builder-el-last  first flex_column_div av-zero-column-padding  column-top-margin'     ><section  class='av_textblock_section av-krq64e5n-5366378b81e5ee13b59a5a5aec4930de '   itemscope=\"itemscope\" itemtype=\"https:\/\/schema.org\/CreativeWork\" ><div class='avia_textblock'  itemprop=\"text\" ><p style=\"text-align: center; font-size: 20px;\">Vous \u00eates sur le point de prendre votre retraite ou de changer d&rsquo;activit\u00e9 ?<\/p>\n<p style=\"text-align: center; font-size: 20px;\">Profitez de la vie et tirez le meilleur parti de vos ann\u00e9es d&rsquo;effort. \u00c9crivez-nous \u00e0 l&rsquo;adresse <a href=\"mailto:carteras@lotisse.com\">carteras@lotisse.com<\/a>.<\/p>\n<\/div><\/section><\/div><\/p>\n","protected":false},"excerpt":{"rendered":"","protected":false},"author":3,"featured_media":0,"parent":0,"menu_order":0,"comment_status":"closed","ping_status":"closed","template":"","meta":{"rs_blank_template":"","rs_page_bg_color":"","slide_template_v7":"","_lmt_disableupdate":"","_lmt_disable":"","footnotes":""},"class_list":["post-4591","page","type-page","status-publish","hentry"],"yoast_head":"<!-- This site is optimized with the Yoast SEO plugin v27.4 - https:\/\/yoast.com\/product\/yoast-seo-wordpress\/ -->\n<title>Professionnels - LOTISSE<\/title>\n<meta name=\"description\" content=\"Si vous \u00eates sur le point de prendre votre retraite ou de changer d&#039;activit\u00e9, contactez Lotisse. Nous achetons des portefeuilles professionnels en consulting, administration et insurances.\" \/>\n<meta name=\"robots\" content=\"index, follow, max-snippet:-1, max-image-preview:large, max-video-preview:-1\" \/>\n<link rel=\"canonical\" href=\"https:\/\/lotisse.com\/fr\/lotisse-achat-de-portefeuilles-professionnels\/\" \/>\n<meta property=\"og:locale\" content=\"fr_FR\" \/>\n<meta property=\"og:type\" content=\"article\" \/>\n<meta property=\"og:title\" content=\"Professionnels - LOTISSE\" \/>\n<meta property=\"og:description\" content=\"Si vous \u00eates sur le point de prendre votre retraite ou de changer d&#039;activit\u00e9, contactez Lotisse. Nous achetons des portefeuilles professionnels en consulting, administration et insurances.\" \/>\n<meta property=\"og:url\" content=\"https:\/\/lotisse.com\/fr\/lotisse-achat-de-portefeuilles-professionnels\/\" \/>\n<meta property=\"og:site_name\" content=\"LOTISSE\" \/>\n<meta property=\"article:modified_time\" content=\"2021-10-01T11:36:35+00:00\" \/>\n<meta name=\"twitter:card\" content=\"summary_large_image\" \/>\n<meta name=\"twitter:label1\" content=\"Dur\u00e9e de lecture estim\u00e9e\" \/>\n\t<meta name=\"twitter:data1\" content=\"3 minutes\" \/>\n<script type=\"application\/ld+json\" class=\"yoast-schema-graph\">{\"@context\":\"https:\\\/\\\/schema.org\",\"@graph\":[{\"@type\":\"WebPage\",\"@id\":\"https:\\\/\\\/lotisse.com\\\/fr\\\/lotisse-achat-de-portefeuilles-professionnels\\\/\",\"url\":\"https:\\\/\\\/lotisse.com\\\/fr\\\/lotisse-achat-de-portefeuilles-professionnels\\\/\",\"name\":\"Professionnels - LOTISSE\",\"isPartOf\":{\"@id\":\"https:\\\/\\\/lotisse.com\\\/fr\\\/#website\"},\"datePublished\":\"2021-07-30T09:54:51+00:00\",\"dateModified\":\"2021-10-01T11:36:35+00:00\",\"description\":\"Si vous \u00eates sur le point de prendre votre retraite ou de changer d'activit\u00e9, contactez Lotisse. Nous achetons des portefeuilles professionnels en consulting, administration et insurances.\",\"breadcrumb\":{\"@id\":\"https:\\\/\\\/lotisse.com\\\/fr\\\/lotisse-achat-de-portefeuilles-professionnels\\\/#breadcrumb\"},\"inLanguage\":\"fr-FR\",\"potentialAction\":[{\"@type\":\"ReadAction\",\"target\":[\"https:\\\/\\\/lotisse.com\\\/fr\\\/lotisse-achat-de-portefeuilles-professionnels\\\/\"]}]},{\"@type\":\"BreadcrumbList\",\"@id\":\"https:\\\/\\\/lotisse.com\\\/fr\\\/lotisse-achat-de-portefeuilles-professionnels\\\/#breadcrumb\",\"itemListElement\":[{\"@type\":\"ListItem\",\"position\":1,\"name\":\"Portada\",\"item\":\"https:\\\/\\\/lotisse.com\\\/fr\\\/\"},{\"@type\":\"ListItem\",\"position\":2,\"name\":\"Professionnels\"}]},{\"@type\":\"WebSite\",\"@id\":\"https:\\\/\\\/lotisse.com\\\/fr\\\/#website\",\"url\":\"https:\\\/\\\/lotisse.com\\\/fr\\\/\",\"name\":\"LOTISSE\",\"description\":\"Administraci\u00f3n y servicios\",\"publisher\":{\"@id\":\"https:\\\/\\\/lotisse.com\\\/fr\\\/#organization\"},\"potentialAction\":[{\"@type\":\"SearchAction\",\"target\":{\"@type\":\"EntryPoint\",\"urlTemplate\":\"https:\\\/\\\/lotisse.com\\\/fr\\\/?s={search_term_string}\"},\"query-input\":{\"@type\":\"PropertyValueSpecification\",\"valueRequired\":true,\"valueName\":\"search_term_string\"}}],\"inLanguage\":\"fr-FR\"},{\"@type\":\"Organization\",\"@id\":\"https:\\\/\\\/lotisse.com\\\/fr\\\/#organization\",\"name\":\"Lotisse\",\"url\":\"https:\\\/\\\/lotisse.com\\\/fr\\\/\",\"logo\":{\"@type\":\"ImageObject\",\"inLanguage\":\"fr-FR\",\"@id\":\"https:\\\/\\\/lotisse.com\\\/fr\\\/#\\\/schema\\\/logo\\\/image\\\/\",\"url\":\"https:\\\/\\\/lotisse.com\\\/wp-content\\\/uploads\\\/2016\\\/07\\\/lotisse.png\",\"contentUrl\":\"https:\\\/\\\/lotisse.com\\\/wp-content\\\/uploads\\\/2016\\\/07\\\/lotisse.png\",\"width\":299,\"height\":88,\"caption\":\"Lotisse\"},\"image\":{\"@id\":\"https:\\\/\\\/lotisse.com\\\/fr\\\/#\\\/schema\\\/logo\\\/image\\\/\"}}]}<\/script>\n<!-- \/ Yoast SEO plugin. -->","yoast_head_json":{"title":"Professionnels - LOTISSE","description":"Si vous \u00eates sur le point de prendre votre retraite ou de changer d'activit\u00e9, contactez Lotisse. Nous achetons des portefeuilles professionnels en consulting, administration et insurances.","robots":{"index":"index","follow":"follow","max-snippet":"max-snippet:-1","max-image-preview":"max-image-preview:large","max-video-preview":"max-video-preview:-1"},"canonical":"https:\/\/lotisse.com\/fr\/lotisse-achat-de-portefeuilles-professionnels\/","og_locale":"fr_FR","og_type":"article","og_title":"Professionnels - LOTISSE","og_description":"Si vous \u00eates sur le point de prendre votre retraite ou de changer d'activit\u00e9, contactez Lotisse. Nous achetons des portefeuilles professionnels en consulting, administration et insurances.","og_url":"https:\/\/lotisse.com\/fr\/lotisse-achat-de-portefeuilles-professionnels\/","og_site_name":"LOTISSE","article_modified_time":"2021-10-01T11:36:35+00:00","twitter_card":"summary_large_image","twitter_misc":{"Dur\u00e9e de lecture estim\u00e9e":"3 minutes"},"schema":{"@context":"https:\/\/schema.org","@graph":[{"@type":"WebPage","@id":"https:\/\/lotisse.com\/fr\/lotisse-achat-de-portefeuilles-professionnels\/","url":"https:\/\/lotisse.com\/fr\/lotisse-achat-de-portefeuilles-professionnels\/","name":"Professionnels - LOTISSE","isPartOf":{"@id":"https:\/\/lotisse.com\/fr\/#website"},"datePublished":"2021-07-30T09:54:51+00:00","dateModified":"2021-10-01T11:36:35+00:00","description":"Si vous \u00eates sur le point de prendre votre retraite ou de changer d'activit\u00e9, contactez Lotisse. Nous achetons des portefeuilles professionnels en consulting, administration et insurances.","breadcrumb":{"@id":"https:\/\/lotisse.com\/fr\/lotisse-achat-de-portefeuilles-professionnels\/#breadcrumb"},"inLanguage":"fr-FR","potentialAction":[{"@type":"ReadAction","target":["https:\/\/lotisse.com\/fr\/lotisse-achat-de-portefeuilles-professionnels\/"]}]},{"@type":"BreadcrumbList","@id":"https:\/\/lotisse.com\/fr\/lotisse-achat-de-portefeuilles-professionnels\/#breadcrumb","itemListElement":[{"@type":"ListItem","position":1,"name":"Portada","item":"https:\/\/lotisse.com\/fr\/"},{"@type":"ListItem","position":2,"name":"Professionnels"}]},{"@type":"WebSite","@id":"https:\/\/lotisse.com\/fr\/#website","url":"https:\/\/lotisse.com\/fr\/","name":"LOTISSE","description":"Administraci\u00f3n y servicios","publisher":{"@id":"https:\/\/lotisse.com\/fr\/#organization"},"potentialAction":[{"@type":"SearchAction","target":{"@type":"EntryPoint","urlTemplate":"https:\/\/lotisse.com\/fr\/?s={search_term_string}"},"query-input":{"@type":"PropertyValueSpecification","valueRequired":true,"valueName":"search_term_string"}}],"inLanguage":"fr-FR"},{"@type":"Organization","@id":"https:\/\/lotisse.com\/fr\/#organization","name":"Lotisse","url":"https:\/\/lotisse.com\/fr\/","logo":{"@type":"ImageObject","inLanguage":"fr-FR","@id":"https:\/\/lotisse.com\/fr\/#\/schema\/logo\/image\/","url":"https:\/\/lotisse.com\/wp-content\/uploads\/2016\/07\/lotisse.png","contentUrl":"https:\/\/lotisse.com\/wp-content\/uploads\/2016\/07\/lotisse.png","width":299,"height":88,"caption":"Lotisse"},"image":{"@id":"https:\/\/lotisse.com\/fr\/#\/schema\/logo\/image\/"}}]}},"_links":{"self":[{"href":"https:\/\/lotisse.com\/fr\/wp-json\/wp\/v2\/pages\/4591","targetHints":{"allow":["GET"]}}],"collection":[{"href":"https:\/\/lotisse.com\/fr\/wp-json\/wp\/v2\/pages"}],"about":[{"href":"https:\/\/lotisse.com\/fr\/wp-json\/wp\/v2\/types\/page"}],"author":[{"embeddable":true,"href":"https:\/\/lotisse.com\/fr\/wp-json\/wp\/v2\/users\/3"}],"replies":[{"embeddable":true,"href":"https:\/\/lotisse.com\/fr\/wp-json\/wp\/v2\/comments?post=4591"}],"version-history":[{"count":4,"href":"https:\/\/lotisse.com\/fr\/wp-json\/wp\/v2\/pages\/4591\/revisions"}],"predecessor-version":[{"id":4661,"href":"https:\/\/lotisse.com\/fr\/wp-json\/wp\/v2\/pages\/4591\/revisions\/4661"}],"wp:attachment":[{"href":"https:\/\/lotisse.com\/fr\/wp-json\/wp\/v2\/media?parent=4591"}],"curies":[{"name":"wp","href":"https:\/\/api.w.org\/{rel}","templated":true}]}}