{"id":4551,"date":"2016-04-25T14:26:55","date_gmt":"2016-04-25T12:26:55","guid":{"rendered":"https:\/\/lotisse.com\/contacto\/"},"modified":"2021-12-13T10:50:53","modified_gmt":"2021-12-13T09:50:53","slug":"comment-nous-contacter","status":"publish","type":"page","link":"https:\/\/lotisse.com\/fr\/comment-nous-contacter\/","title":{"rendered":"Contacter"},"content":{"rendered":"\n<style type=\"text\/css\" data-created_by=\"avia_inline_auto\" id=\"style-css-av-ka5h36g8-254a758e3e90c122fb059a96c86d24e2\">\n.avia-section.av-ka5h36g8-254a758e3e90c122fb059a96c86d24e2{\nbackground-repeat:no-repeat;\nbackground-image:url(https:\/\/lotisse.com\/wp-content\/uploads\/2020\/05\/fondo222222-300x121.jpg);\nbackground-position:50% 50%;\nbackground-attachment:scroll;\n}\n<\/style>\n<div id='av_section_1'  class='avia-section av-ka5h36g8-254a758e3e90c122fb059a96c86d24e2 main_color avia-section-default avia-no-border-styling  avia-builder-el-0  el_before_av_heading  avia-builder-el-first  avia-full-stretch avia-bg-style-scroll container_wrap fullsize'  data-section-bg-repeat='stretch'><div class='container av-section-cont-open' ><main  role=\"main\" itemprop=\"mainContentOfPage\"  class='template-page content  av-content-full alpha units'><div class='post-entry post-entry-type-page post-entry-4551'><div class='entry-content-wrapper clearfix'>\n\n<style type=\"text\/css\" data-created_by=\"avia_inline_auto\" id=\"style-css-av-ka5h3gin-f04d42a36996b3a109229c9e91c319bc\">\n#top .hr.hr-invisible.av-ka5h3gin-f04d42a36996b3a109229c9e91c319bc{\nheight:50px;\n}\n<\/style>\n<div  class='hr av-ka5h3gin-f04d42a36996b3a109229c9e91c319bc hr-invisible  avia-builder-el-1  el_before_av_textblock  avia-builder-el-first '><span class='hr-inner '><span class=\"hr-inner-style\"><\/span><\/span><\/div>\n<section  class='av_textblock_section av-ka5h3yor-4f8dcc128d44af3cf2d45bed857ad5ba '   itemscope=\"itemscope\" itemtype=\"https:\/\/schema.org\/CreativeWork\" ><div class='avia_textblock'  itemprop=\"text\" ><h2 style=\"text-align: center;\"><span style=\"color: #ffffff;\">CONTACTer<\/span><\/h2>\n<\/div><\/section>\n\n<style type=\"text\/css\" data-created_by=\"avia_inline_auto\" id=\"style-css-av-ka5h3gin-f04d42a36996b3a109229c9e91c319bc\">\n#top .hr.hr-invisible.av-ka5h3gin-f04d42a36996b3a109229c9e91c319bc{\nheight:50px;\n}\n<\/style>\n<div  class='hr av-ka5h3gin-f04d42a36996b3a109229c9e91c319bc hr-invisible  avia-builder-el-3  el_after_av_textblock  avia-builder-el-last '><span class='hr-inner '><span class=\"hr-inner-style\"><\/span><\/span><\/div>\n<\/div><\/div><\/main><!-- close content main element --><\/div><\/div><div id='after_section_1'  class='main_color av_default_container_wrap container_wrap fullsize'  ><div class='container av-section-cont-open' ><div class='template-page content  av-content-full alpha units'><div class='post-entry post-entry-type-page post-entry-4551'><div class='entry-content-wrapper clearfix'>\n\n<style type=\"text\/css\" data-created_by=\"avia_inline_auto\" id=\"style-css-av-169yf-134c0a602bfec4827e2c653a5e54f9c3\">\n#top .av-special-heading.av-169yf-134c0a602bfec4827e2c653a5e54f9c3{\npadding-bottom:10px;\n}\nbody .av-special-heading.av-169yf-134c0a602bfec4827e2c653a5e54f9c3 .av-special-heading-tag .heading-char{\nfont-size:25px;\n}\n.av-special-heading.av-169yf-134c0a602bfec4827e2c653a5e54f9c3 .av-subheading{\nfont-size:15px;\n}\n<\/style>\n<div  class='av-special-heading av-169yf-134c0a602bfec4827e2c653a5e54f9c3 av-special-heading-h2 blockquote modern-quote modern-centered  avia-builder-el-4  el_after_av_section  el_before_av_hr  avia-builder-el-first '><h2 class='av-special-heading-tag '  itemprop=\"headline\"  >Comment nous contacter<\/h2><div class=\"special-heading-border\"><div class=\"special-heading-inner-border\"><\/div><\/div><\/div>\n\n<style type=\"text\/css\" data-created_by=\"avia_inline_auto\" id=\"style-css-av-2vby7-0401167c98e2990a4e22a71cf2cf19d5\">\n#top .hr.av-2vby7-0401167c98e2990a4e22a71cf2cf19d5{\nmargin-top:10px;\nmargin-bottom:10px;\n}\n.hr.av-2vby7-0401167c98e2990a4e22a71cf2cf19d5 .hr-inner{\nwidth:60px;\nborder-color:#03498f;\n}\n<\/style>\n<div  class='hr av-2vby7-0401167c98e2990a4e22a71cf2cf19d5 hr-custom  avia-builder-el-5  el_after_av_heading  el_before_av_textblock  hr-center hr-icon-no'><span class='hr-inner inner-border-av-border-fat'><span class=\"hr-inner-style\"><\/span><\/span><\/div>\n<section  class='av_textblock_section av-s5p7-4c0eca9653071b56c922107ecd0aa097 '   itemscope=\"itemscope\" itemtype=\"https:\/\/schema.org\/CreativeWork\" ><div class='avia_textblock'  itemprop=\"text\" ><p style=\"text-align: center;\">Vous pouvez contacter notre \u00e9quipe de diff\u00e9rentes mani\u00e8res. Vous trouverez ci-dessous les diff\u00e9rents moyens de nous contacter.<\/p>\n<\/div><\/section>\n\n<style type=\"text\/css\" data-created_by=\"avia_inline_auto\" id=\"style-css-av-7fouj-9527a8a3629a884ecb2423f7c3e1061d\">\n.flex_column.av-7fouj-9527a8a3629a884ecb2423f7c3e1061d{\nborder-radius:0px 0px 0px 0px;\npadding:0px 0px 0px 0px;\n}\n<\/style>\n<div  class='flex_column av-7fouj-9527a8a3629a884ecb2423f7c3e1061d av_one_fourth  avia-builder-el-7  el_after_av_textblock  el_before_av_one_fourth  first flex_column_div av-zero-column-padding  column-top-margin'     ><style type=\"text\/css\" data-created_by=\"avia_inline_auto\" id=\"style-css-av-74aw7-8dafdf2de0a34fd9799d91e85731358f\">\n.iconbox.av-74aw7-8dafdf2de0a34fd9799d91e85731358f .iconbox_icon{\nbackground-color:#eaeaea;\ncolor:#c9a365;\n}\n.iconbox.av-74aw7-8dafdf2de0a34fd9799d91e85731358f .iconbox_icon.avia-svg-icon svg:first-child{\nfill:#c9a365;\nstroke:#c9a365;\n}\n<\/style>\n<article  class='iconbox iconbox_top av-74aw7-8dafdf2de0a34fd9799d91e85731358f  avia-builder-el-8  avia-builder-el-no-sibling  main_color'  itemscope=\"itemscope\" itemtype=\"https:\/\/schema.org\/CreativeWork\" ><div class=\"iconbox_content\"><header class=\"entry-content-header\" aria-label=\"Ic\u00f4ne : T\u00e9l\u00e9phone du service clients\"><div class='iconbox_icon heading-color avia-iconfont avia-font-entypo-fontello' data-av_icon='' data-av_iconfont='entypo-fontello'  ><\/div><h3 class='iconbox_content_title '  itemprop=\"headline\" >T\u00e9l\u00e9phone du service clients<\/h3><\/header><div class='iconbox_content_container '  itemprop=\"text\" ><p>954 542 202<\/p>\n<\/div><\/div><footer class=\"entry-footer\"><\/footer><\/article><\/div>\n\n<style type=\"text\/css\" data-created_by=\"avia_inline_auto\" id=\"style-css-av-6bx23-414837cbb40668e819f566c0f01f1eef\">\n.flex_column.av-6bx23-414837cbb40668e819f566c0f01f1eef{\nborder-radius:0px 0px 0px 0px;\npadding:0px 0px 0px 0px;\n}\n<\/style>\n<div  class='flex_column av-6bx23-414837cbb40668e819f566c0f01f1eef av_one_fourth  avia-builder-el-9  el_after_av_one_fourth  el_before_av_one_fourth  flex_column_div av-zero-column-padding  column-top-margin'     ><style type=\"text\/css\" data-created_by=\"avia_inline_auto\" id=\"style-css-av-jp5b-26eea0130b2d1da8b14a4544fadadb2b\">\n.iconbox.av-jp5b-26eea0130b2d1da8b14a4544fadadb2b .iconbox_icon{\nbackground-color:#eaeaea;\ncolor:#c9a365;\n}\n.iconbox.av-jp5b-26eea0130b2d1da8b14a4544fadadb2b .iconbox_icon.avia-svg-icon svg:first-child{\nfill:#c9a365;\nstroke:#c9a365;\n}\n<\/style>\n<article  class='iconbox iconbox_top av-jp5b-26eea0130b2d1da8b14a4544fadadb2b  avia-builder-el-10  avia-builder-el-no-sibling  main_color'  itemscope=\"itemscope\" itemtype=\"https:\/\/schema.org\/CreativeWork\" ><div class=\"iconbox_content\"><header class=\"entry-content-header\" aria-label=\"Ic\u00f4ne : Adresse \u00e9lectronique\"><div class='iconbox_icon heading-color avia-iconfont avia-font-entypo-fontello' data-av_icon='\ue805' data-av_iconfont='entypo-fontello'  ><\/div><h3 class='iconbox_content_title '  itemprop=\"headline\" >Adresse \u00e9lectronique<\/h3><\/header><div class='iconbox_content_container '  itemprop=\"text\" ><p><a href=\"mailto:info@lotisse.com\">info@lotisse.com<\/a><\/p>\n<\/div><\/div><footer class=\"entry-footer\"><\/footer><\/article><\/div>\n\n<style type=\"text\/css\" data-created_by=\"avia_inline_auto\" id=\"style-css-av-5co8b-838dc19f7ef58bbe7778bf34805e22eb\">\n.flex_column.av-5co8b-838dc19f7ef58bbe7778bf34805e22eb{\nborder-radius:0px 0px 0px 0px;\npadding:0px 0px 0px 0px;\n}\n<\/style>\n<div  class='flex_column av-5co8b-838dc19f7ef58bbe7778bf34805e22eb av_one_fourth  avia-builder-el-11  el_after_av_one_fourth  el_before_av_one_fourth  flex_column_div av-zero-column-padding  column-top-margin'     ><style type=\"text\/css\" data-created_by=\"avia_inline_auto\" id=\"style-css-av-4fyar-93bd589691fa9db12b13cd93a55a9370\">\n.iconbox.av-4fyar-93bd589691fa9db12b13cd93a55a9370 .iconbox_icon{\nbackground-color:#eaeaea;\ncolor:#c9a365;\n}\n.iconbox.av-4fyar-93bd589691fa9db12b13cd93a55a9370 .iconbox_icon.avia-svg-icon svg:first-child{\nfill:#c9a365;\nstroke:#c9a365;\n}\n<\/style>\n<article  class='iconbox iconbox_top av-4fyar-93bd589691fa9db12b13cd93a55a9370  avia-builder-el-12  avia-builder-el-no-sibling  main_color'  itemscope=\"itemscope\" itemtype=\"https:\/\/schema.org\/CreativeWork\" ><div class=\"iconbox_content\"><header class=\"entry-content-header\" aria-label=\"Ic\u00f4ne : Notre bureau \u00e0 S\u00e9ville\"><div class='iconbox_icon heading-color avia-iconfont avia-font-entypo-fontello' data-av_icon='\ue821' data-av_iconfont='entypo-fontello'  ><\/div><h3 class='iconbox_content_title '  itemprop=\"headline\" >Notre bureau \u00e0 S\u00e9ville<\/h3><\/header><div class='iconbox_content_container '  itemprop=\"text\" ><p>Calle Juan Sierra n\u00famero 1, 41018, Sevilla<\/p>\n<\/div><\/div><footer class=\"entry-footer\"><\/footer><\/article><\/div>\n\n<style type=\"text\/css\" data-created_by=\"avia_inline_auto\" id=\"style-css-av-nn4f-6ba3cc4eac3ada6cb76455de559b14ca\">\n.flex_column.av-nn4f-6ba3cc4eac3ada6cb76455de559b14ca{\nborder-radius:0px 0px 0px 0px;\npadding:0px 0px 0px 0px;\n}\n<\/style>\n<div  class='flex_column av-nn4f-6ba3cc4eac3ada6cb76455de559b14ca av_one_fourth  avia-builder-el-13  el_after_av_one_fourth  el_before_av_hr  flex_column_div av-zero-column-padding  column-top-margin'     ><style type=\"text\/css\" data-created_by=\"avia_inline_auto\" id=\"style-css-av-ktvekzoq-c77ec1608b1da7042b49d68b7dab5f58\">\n.iconbox.av-ktvekzoq-c77ec1608b1da7042b49d68b7dab5f58 .iconbox_icon{\nbackground-color:#eaeaea;\ncolor:#c9a365;\n}\n.iconbox.av-ktvekzoq-c77ec1608b1da7042b49d68b7dab5f58 .iconbox_icon.avia-svg-icon svg:first-child{\nfill:#c9a365;\nstroke:#c9a365;\n}\n<\/style>\n<article  class='iconbox iconbox_top av-ktvekzoq-c77ec1608b1da7042b49d68b7dab5f58  avia-builder-el-14  avia-builder-el-no-sibling  main_color'  itemscope=\"itemscope\" itemtype=\"https:\/\/schema.org\/CreativeWork\" ><div class=\"iconbox_content\"><header class=\"entry-content-header\" aria-label=\"Ic\u00f4ne : Urgences\"><div class='iconbox_icon heading-color avia-iconfont avia-font-entypo-fontello' data-av_icon='\ue83d' data-av_iconfont='entypo-fontello'  ><\/div><h3 class='iconbox_content_title '  itemprop=\"headline\" >Urgences<\/h3><\/header><div class='iconbox_content_container '  itemprop=\"text\" ><h3 style=\"text-align: center;\"><a href=\"https:\/\/fix-save.com\/\" target=\"_blank\" rel=\"noopener\"><img loading=\"lazy\" decoding=\"async\" class=\"aligncenter wp-image-2942 size-full\" src=\"https:\/\/lotisse.com\/wp-content\/uploads\/2021\/09\/kahbjacpdhmojkgd.png\" alt=\"\" width=\"100\" height=\"64\" \/><\/a><strong>954 302 508<\/strong><\/h3>\n<\/div><\/div><footer class=\"entry-footer\"><\/footer><\/article><\/div>\n<style type=\"text\/css\" data-created_by=\"avia_inline_auto\" id=\"style-css-av-ka5h3gin-f04d42a36996b3a109229c9e91c319bc\">\n#top .hr.hr-invisible.av-ka5h3gin-f04d42a36996b3a109229c9e91c319bc{\nheight:50px;\n}\n<\/style>\n<div  class='hr av-ka5h3gin-f04d42a36996b3a109229c9e91c319bc hr-invisible  avia-builder-el-15  el_after_av_one_fourth  el_before_av_section  avia-builder-el-last '><span class='hr-inner '><span class=\"hr-inner-style\"><\/span><\/span><\/div><\/p>\n<\/div><\/div><\/div><!-- close content main div --><\/div><\/div>\n<style type=\"text\/css\" data-created_by=\"avia_inline_auto\" id=\"style-css-av-ka5hc300-b24e545d124615c25231d2e9a1c3be1b\">\n.avia-section.av-ka5hc300-b24e545d124615c25231d2e9a1c3be1b{\nbackground-repeat:no-repeat;\nbackground-image:url(https:\/\/lotisse.com\/wp-content\/uploads\/2020\/05\/work-bg-300x166.jpg);\nbackground-position:50% 50%;\nbackground-attachment:scroll;\n}\n<\/style>\n<div id='av_section_2'  class='avia-section av-ka5hc300-b24e545d124615c25231d2e9a1c3be1b main_color avia-section-default avia-no-border-styling  avia-builder-el-16  el_after_av_hr  avia-builder-el-last  avia-full-stretch avia-bg-style-scroll container_wrap fullsize'  data-section-bg-repeat='stretch'><div class='container av-section-cont-open' ><div class='template-page content  av-content-full alpha units'><div class='post-entry post-entry-type-page post-entry-4551'><div class='entry-content-wrapper clearfix'>\n\n<style type=\"text\/css\" data-created_by=\"avia_inline_auto\" id=\"style-css-av-ka5h8ehx-6196069c3d9b3b36c7eaa54222154efe\">\n#top .av-special-heading.av-ka5h8ehx-6196069c3d9b3b36c7eaa54222154efe{\npadding-bottom:10px;\n}\nbody .av-special-heading.av-ka5h8ehx-6196069c3d9b3b36c7eaa54222154efe .av-special-heading-tag .heading-char{\nfont-size:25px;\n}\n.av-special-heading.av-ka5h8ehx-6196069c3d9b3b36c7eaa54222154efe .av-subheading{\nfont-size:15px;\n}\n<\/style>\n<div  class='av-special-heading av-ka5h8ehx-6196069c3d9b3b36c7eaa54222154efe av-special-heading-h2 blockquote modern-quote modern-centered  avia-builder-el-17  el_before_av_hr  avia-builder-el-first '><h2 class='av-special-heading-tag '  itemprop=\"headline\"  >Formulaire de contact<\/h2><div class=\"special-heading-border\"><div class=\"special-heading-inner-border\"><\/div><\/div><\/div>\n\n<style type=\"text\/css\" data-created_by=\"avia_inline_auto\" id=\"style-css-av-2vby7-0401167c98e2990a4e22a71cf2cf19d5\">\n#top .hr.av-2vby7-0401167c98e2990a4e22a71cf2cf19d5{\nmargin-top:10px;\nmargin-bottom:10px;\n}\n.hr.av-2vby7-0401167c98e2990a4e22a71cf2cf19d5 .hr-inner{\nwidth:60px;\nborder-color:#03498f;\n}\n<\/style>\n<div  class='hr av-2vby7-0401167c98e2990a4e22a71cf2cf19d5 hr-custom  avia-builder-el-18  el_after_av_heading  el_before_av_hr  hr-center hr-icon-no'><span class='hr-inner inner-border-av-border-fat'><span class=\"hr-inner-style\"><\/span><\/span><\/div>\n\n<style type=\"text\/css\" data-created_by=\"avia_inline_auto\" id=\"style-css-av-ka5h3gin-f1471f164da186dfc3af90f5cede9f21\">\n#top .hr.hr-invisible.av-ka5h3gin-f1471f164da186dfc3af90f5cede9f21{\nheight:25px;\n}\n<\/style>\n<div  class='hr av-ka5h3gin-f1471f164da186dfc3af90f5cede9f21 hr-invisible  avia-builder-el-19  el_after_av_hr  el_before_av_textblock '><span class='hr-inner '><span class=\"hr-inner-style\"><\/span><\/span><\/div>\n<section  class='av_textblock_section av-273yj-d600bd973e4a8a67779966a79733c7a4 '   itemscope=\"itemscope\" itemtype=\"https:\/\/schema.org\/CreativeWork\" ><div class='avia_textblock'  itemprop=\"text\" ><p style=\"text-align: center;\">Si vous pr\u00e9f\u00e9rez, vous pouvez remplir le formulaire de contact suivant et nous vous contacterons dans les meilleurs d\u00e9lais.<\/p>\n<\/div><\/section>\n\n<style type=\"text\/css\" data-created_by=\"avia_inline_auto\" id=\"style-css-av-1um6v-3a7256eb20b2b5ba3691cb82a106b77c\">\n.flex_column.av-1um6v-3a7256eb20b2b5ba3691cb82a106b77c{\nborder-radius:0px 0px 0px 0px;\npadding:0px 0px 0px 0px;\n}\n<\/style>\n<div  class='flex_column av-1um6v-3a7256eb20b2b5ba3691cb82a106b77c av_one_fifth  avia-builder-el-21  el_after_av_textblock  el_before_av_three_fifth  first flex_column_div av-zero-column-padding  column-top-margin'     ><\/div>\n<style type=\"text\/css\" data-created_by=\"avia_inline_auto\" id=\"style-css-av-1dldr-aeba089e7a7e13b8fa022750d275d94d\">\n.flex_column.av-1dldr-aeba089e7a7e13b8fa022750d275d94d{\nborder-radius:0px 0px 0px 0px;\npadding:0px 0px 0px 0px;\n}\n<\/style>\n<div  class='flex_column av-1dldr-aeba089e7a7e13b8fa022750d275d94d av_three_fifth  avia-builder-el-22  el_after_av_one_fifth  el_before_av_one_fifth  flex_column_div av-zero-column-padding  column-top-margin'     ><\/div>\n<style type=\"text\/css\" data-created_by=\"avia_inline_auto\" id=\"style-css-av-11u5n-9154d95754dca8a89a55f3878bfe7d83\">\n.flex_column.av-11u5n-9154d95754dca8a89a55f3878bfe7d83{\nborder-radius:0px 0px 0px 0px;\npadding:0px 0px 0px 0px;\n}\n<\/style>\n<div  class='flex_column av-11u5n-9154d95754dca8a89a55f3878bfe7d83 av_one_fifth  avia-builder-el-24  el_after_av_three_fifth  avia-builder-el-last  flex_column_div av-zero-column-padding  column-top-margin'     ><\/div>\n\n","protected":false},"excerpt":{"rendered":"","protected":false},"author":1,"featured_media":0,"parent":0,"menu_order":0,"comment_status":"closed","ping_status":"closed","template":"","meta":{"_lmt_disableupdate":"","_lmt_disable":"","footnotes":""},"class_list":["post-4551","page","type-page","status-publish","hentry"],"yoast_head":"<!-- This site is optimized with the Yoast SEO plugin v26.8 - https:\/\/yoast.com\/product\/yoast-seo-wordpress\/ -->\n<title>Contacter - LOTISSE<\/title>\n<meta name=\"description\" content=\"Voyez ici comment nous contacter: email, t\u00e9l\u00e9phone ou courier. Rendez-nous visite dans nos bureaux en Seville.\" \/>\n<meta name=\"robots\" content=\"index, follow, max-snippet:-1, max-image-preview:large, max-video-preview:-1\" \/>\n<link rel=\"canonical\" href=\"https:\/\/lotisse.com\/fr\/comment-nous-contacter\/\" \/>\n<meta property=\"og:locale\" content=\"fr_FR\" \/>\n<meta property=\"og:type\" content=\"article\" \/>\n<meta property=\"og:title\" content=\"Contacter - LOTISSE\" \/>\n<meta property=\"og:description\" content=\"Voyez ici comment nous contacter: email, t\u00e9l\u00e9phone ou courier. Rendez-nous visite dans nos bureaux en Seville.\" \/>\n<meta property=\"og:url\" content=\"https:\/\/lotisse.com\/fr\/comment-nous-contacter\/\" \/>\n<meta property=\"og:site_name\" content=\"LOTISSE\" \/>\n<meta property=\"article:modified_time\" content=\"2021-12-13T09:50:53+00:00\" \/>\n<meta property=\"og:image\" content=\"https:\/\/lotisse.com\/wp-content\/uploads\/2021\/09\/kahbjacpdhmojkgd.png\" \/>\n<meta name=\"twitter:card\" content=\"summary_large_image\" \/>\n<meta name=\"twitter:label1\" content=\"Dur\u00e9e de lecture estim\u00e9e\" \/>\n\t<meta name=\"twitter:data1\" content=\"4 minutes\" \/>\n<script type=\"application\/ld+json\" class=\"yoast-schema-graph\">{\"@context\":\"https:\/\/schema.org\",\"@graph\":[{\"@type\":\"WebPage\",\"@id\":\"https:\/\/lotisse.com\/fr\/comment-nous-contacter\/\",\"url\":\"https:\/\/lotisse.com\/fr\/comment-nous-contacter\/\",\"name\":\"Contacter - LOTISSE\",\"isPartOf\":{\"@id\":\"https:\/\/lotisse.com\/fr\/#website\"},\"primaryImageOfPage\":{\"@id\":\"https:\/\/lotisse.com\/fr\/comment-nous-contacter\/#primaryimage\"},\"image\":{\"@id\":\"https:\/\/lotisse.com\/fr\/comment-nous-contacter\/#primaryimage\"},\"thumbnailUrl\":\"https:\/\/lotisse.com\/wp-content\/uploads\/2021\/09\/kahbjacpdhmojkgd.png\",\"datePublished\":\"2016-04-25T12:26:55+00:00\",\"dateModified\":\"2021-12-13T09:50:53+00:00\",\"description\":\"Voyez ici comment nous contacter: email, t\u00e9l\u00e9phone ou courier. Rendez-nous visite dans nos bureaux en Seville.\",\"breadcrumb\":{\"@id\":\"https:\/\/lotisse.com\/fr\/comment-nous-contacter\/#breadcrumb\"},\"inLanguage\":\"fr-FR\",\"potentialAction\":[{\"@type\":\"ReadAction\",\"target\":[\"https:\/\/lotisse.com\/fr\/comment-nous-contacter\/\"]}]},{\"@type\":\"ImageObject\",\"inLanguage\":\"fr-FR\",\"@id\":\"https:\/\/lotisse.com\/fr\/comment-nous-contacter\/#primaryimage\",\"url\":\"https:\/\/lotisse.com\/wp-content\/uploads\/2021\/09\/kahbjacpdhmojkgd.png\",\"contentUrl\":\"https:\/\/lotisse.com\/wp-content\/uploads\/2021\/09\/kahbjacpdhmojkgd.png\"},{\"@type\":\"BreadcrumbList\",\"@id\":\"https:\/\/lotisse.com\/fr\/comment-nous-contacter\/#breadcrumb\",\"itemListElement\":[{\"@type\":\"ListItem\",\"position\":1,\"name\":\"Portada\",\"item\":\"https:\/\/lotisse.com\/fr\/\"},{\"@type\":\"ListItem\",\"position\":2,\"name\":\"Contacter\"}]},{\"@type\":\"WebSite\",\"@id\":\"https:\/\/lotisse.com\/fr\/#website\",\"url\":\"https:\/\/lotisse.com\/fr\/\",\"name\":\"LOTISSE\",\"description\":\"Administraci\u00f3n y servicios\",\"publisher\":{\"@id\":\"https:\/\/lotisse.com\/fr\/#organization\"},\"potentialAction\":[{\"@type\":\"SearchAction\",\"target\":{\"@type\":\"EntryPoint\",\"urlTemplate\":\"https:\/\/lotisse.com\/fr\/?s={search_term_string}\"},\"query-input\":{\"@type\":\"PropertyValueSpecification\",\"valueRequired\":true,\"valueName\":\"search_term_string\"}}],\"inLanguage\":\"fr-FR\"},{\"@type\":\"Organization\",\"@id\":\"https:\/\/lotisse.com\/fr\/#organization\",\"name\":\"Lotisse\",\"url\":\"https:\/\/lotisse.com\/fr\/\",\"logo\":{\"@type\":\"ImageObject\",\"inLanguage\":\"fr-FR\",\"@id\":\"https:\/\/lotisse.com\/fr\/#\/schema\/logo\/image\/\",\"url\":\"https:\/\/lotisse.com\/wp-content\/uploads\/2016\/07\/lotisse.png\",\"contentUrl\":\"https:\/\/lotisse.com\/wp-content\/uploads\/2016\/07\/lotisse.png\",\"width\":299,\"height\":88,\"caption\":\"Lotisse\"},\"image\":{\"@id\":\"https:\/\/lotisse.com\/fr\/#\/schema\/logo\/image\/\"}}]}<\/script>\n<!-- \/ Yoast SEO plugin. -->","yoast_head_json":{"title":"Contacter - LOTISSE","description":"Voyez ici comment nous contacter: email, t\u00e9l\u00e9phone ou courier. Rendez-nous visite dans nos bureaux en Seville.","robots":{"index":"index","follow":"follow","max-snippet":"max-snippet:-1","max-image-preview":"max-image-preview:large","max-video-preview":"max-video-preview:-1"},"canonical":"https:\/\/lotisse.com\/fr\/comment-nous-contacter\/","og_locale":"fr_FR","og_type":"article","og_title":"Contacter - LOTISSE","og_description":"Voyez ici comment nous contacter: email, t\u00e9l\u00e9phone ou courier. Rendez-nous visite dans nos bureaux en Seville.","og_url":"https:\/\/lotisse.com\/fr\/comment-nous-contacter\/","og_site_name":"LOTISSE","article_modified_time":"2021-12-13T09:50:53+00:00","og_image":[{"url":"https:\/\/lotisse.com\/wp-content\/uploads\/2021\/09\/kahbjacpdhmojkgd.png","type":"","width":"","height":""}],"twitter_card":"summary_large_image","twitter_misc":{"Dur\u00e9e de lecture estim\u00e9e":"4 minutes"},"schema":{"@context":"https:\/\/schema.org","@graph":[{"@type":"WebPage","@id":"https:\/\/lotisse.com\/fr\/comment-nous-contacter\/","url":"https:\/\/lotisse.com\/fr\/comment-nous-contacter\/","name":"Contacter - LOTISSE","isPartOf":{"@id":"https:\/\/lotisse.com\/fr\/#website"},"primaryImageOfPage":{"@id":"https:\/\/lotisse.com\/fr\/comment-nous-contacter\/#primaryimage"},"image":{"@id":"https:\/\/lotisse.com\/fr\/comment-nous-contacter\/#primaryimage"},"thumbnailUrl":"https:\/\/lotisse.com\/wp-content\/uploads\/2021\/09\/kahbjacpdhmojkgd.png","datePublished":"2016-04-25T12:26:55+00:00","dateModified":"2021-12-13T09:50:53+00:00","description":"Voyez ici comment nous contacter: email, t\u00e9l\u00e9phone ou courier. Rendez-nous visite dans nos bureaux en Seville.","breadcrumb":{"@id":"https:\/\/lotisse.com\/fr\/comment-nous-contacter\/#breadcrumb"},"inLanguage":"fr-FR","potentialAction":[{"@type":"ReadAction","target":["https:\/\/lotisse.com\/fr\/comment-nous-contacter\/"]}]},{"@type":"ImageObject","inLanguage":"fr-FR","@id":"https:\/\/lotisse.com\/fr\/comment-nous-contacter\/#primaryimage","url":"https:\/\/lotisse.com\/wp-content\/uploads\/2021\/09\/kahbjacpdhmojkgd.png","contentUrl":"https:\/\/lotisse.com\/wp-content\/uploads\/2021\/09\/kahbjacpdhmojkgd.png"},{"@type":"BreadcrumbList","@id":"https:\/\/lotisse.com\/fr\/comment-nous-contacter\/#breadcrumb","itemListElement":[{"@type":"ListItem","position":1,"name":"Portada","item":"https:\/\/lotisse.com\/fr\/"},{"@type":"ListItem","position":2,"name":"Contacter"}]},{"@type":"WebSite","@id":"https:\/\/lotisse.com\/fr\/#website","url":"https:\/\/lotisse.com\/fr\/","name":"LOTISSE","description":"Administraci\u00f3n y servicios","publisher":{"@id":"https:\/\/lotisse.com\/fr\/#organization"},"potentialAction":[{"@type":"SearchAction","target":{"@type":"EntryPoint","urlTemplate":"https:\/\/lotisse.com\/fr\/?s={search_term_string}"},"query-input":{"@type":"PropertyValueSpecification","valueRequired":true,"valueName":"search_term_string"}}],"inLanguage":"fr-FR"},{"@type":"Organization","@id":"https:\/\/lotisse.com\/fr\/#organization","name":"Lotisse","url":"https:\/\/lotisse.com\/fr\/","logo":{"@type":"ImageObject","inLanguage":"fr-FR","@id":"https:\/\/lotisse.com\/fr\/#\/schema\/logo\/image\/","url":"https:\/\/lotisse.com\/wp-content\/uploads\/2016\/07\/lotisse.png","contentUrl":"https:\/\/lotisse.com\/wp-content\/uploads\/2016\/07\/lotisse.png","width":299,"height":88,"caption":"Lotisse"},"image":{"@id":"https:\/\/lotisse.com\/fr\/#\/schema\/logo\/image\/"}}]}},"_links":{"self":[{"href":"https:\/\/lotisse.com\/fr\/wp-json\/wp\/v2\/pages\/4551","targetHints":{"allow":["GET"]}}],"collection":[{"href":"https:\/\/lotisse.com\/fr\/wp-json\/wp\/v2\/pages"}],"about":[{"href":"https:\/\/lotisse.com\/fr\/wp-json\/wp\/v2\/types\/page"}],"author":[{"embeddable":true,"href":"https:\/\/lotisse.com\/fr\/wp-json\/wp\/v2\/users\/1"}],"replies":[{"embeddable":true,"href":"https:\/\/lotisse.com\/fr\/wp-json\/wp\/v2\/comments?post=4551"}],"version-history":[{"count":4,"href":"https:\/\/lotisse.com\/fr\/wp-json\/wp\/v2\/pages\/4551\/revisions"}],"predecessor-version":[{"id":5146,"href":"https:\/\/lotisse.com\/fr\/wp-json\/wp\/v2\/pages\/4551\/revisions\/5146"}],"wp:attachment":[{"href":"https:\/\/lotisse.com\/fr\/wp-json\/wp\/v2\/media?parent=4551"}],"curies":[{"name":"wp","href":"https:\/\/api.w.org\/{rel}","templated":true}]}}